{"id":9810,"date":"2023-11-15T13:40:35","date_gmt":"2023-11-15T13:40:35","guid":{"rendered":"https:\/\/blumbergtrade.net\/por-que-blumbergtrade\/"},"modified":"2024-11-07T15:35:44","modified_gmt":"2024-11-07T15:35:44","slug":"por-que-blumbergtrade","status":"publish","type":"page","link":"https:\/\/blumbergtrade.net\/es\/por-que-blumbergtrade\/","title":{"rendered":"\u00bfPor qu\u00e9 BlumBergTrade?"},"content":{"rendered":"\t\t<div data-elementor-type=\"wp-page\" data-elementor-id=\"9810\" class=\"elementor elementor-9810 elementor-733\" data-elementor-post-type=\"page\">\n\t\t\t\t<div class=\"elementor-element elementor-element-4749a066 e-flex e-con-boxed e-con e-parent\" data-id=\"4749a066\" data-element_type=\"container\" data-settings=\"{&quot;background_background&quot;:&quot;classic&quot;}\">\n\t\t\t\t\t<div class=\"e-con-inner\">\n\t\t<div class=\"elementor-element elementor-element-2bf00e34 e-con-full e-flex e-con e-child\" data-id=\"2bf00e34\" data-element_type=\"container\">\n\t\t\t\t<div class=\"elementor-element elementor-element-1fba29dc elementor-widget elementor-widget-ld_breadcrumb\" data-id=\"1fba29dc\" data-element_type=\"widget\" data-widget_type=\"ld_breadcrumb.default\">\n\t\t\t\t<div class=\"elementor-widget-container\">\n\t\t\t\t\t<div class=\"lqd-breadcrumb-wrapper\"><nav role=\"navigation\" aria-label=\"Breadcrumbs\" class=\"breadcrumbs\"><ol class=\"breadcrumb reset-ul inline-nav inline-ul comma-sep-li\"><li class=\"breadcrumb-item active\"><a href=\"https:\/\/blumbergtrade.net\/es\/\" rel=\"home\"><span>Home<\/span><\/a><\/li><\/ol><\/nav><\/div>\t\t\t\t<\/div>\n\t\t\t\t<\/div>\n\t\t\t\t<\/div>\n\t\t\t\t\t<\/div>\n\t\t\t\t<\/div>\n\t\t<div class=\"elementor-element elementor-element-d301636 e-flex e-con-boxed e-con e-parent\" data-id=\"d301636\" data-element_type=\"container\" data-settings=\"{&quot;background_background&quot;:&quot;classic&quot;}\">\n\t\t\t\t\t<div class=\"e-con-inner\">\n\t\t<div class=\"elementor-element elementor-element-888521 e-con-full e-flex e-con e-child\" data-id=\"888521\" data-element_type=\"container\">\n\t\t<div class=\"elementor-element elementor-element-b2ee86d e-con-full e-flex e-con e-child\" data-id=\"b2ee86d\" data-element_type=\"container\">\n\t\t\t\t<div class=\"elementor-element elementor-element-0ebde0c elementor-icon-list--layout-inline elementor-list-item-link-full_width elementor-widget elementor-widget-icon-list\" data-id=\"0ebde0c\" data-element_type=\"widget\" data-widget_type=\"icon-list.default\">\n\t\t\t\t<div class=\"elementor-widget-container\">\n\t\t\t\t\t\t\t<ul class=\"elementor-icon-list-items elementor-inline-items\">\n\t\t\t\t\t\t\t<li class=\"elementor-icon-list-item elementor-inline-item\">\n\t\t\t\t\t\t\t\t\t\t<span class=\"elementor-icon-list-text\">FIABLE Y TRANSPARENTE<\/span>\n\t\t\t\t\t\t\t\t\t<\/li>\n\t\t\t\t\t\t<\/ul>\n\t\t\t\t\t\t<\/div>\n\t\t\t\t<\/div>\n\t\t\t\t<div class=\"elementor-element elementor-element-c29d56f elementor-widget elementor-widget-text-editor\" data-id=\"c29d56f\" data-element_type=\"widget\" data-widget_type=\"text-editor.default\">\n\t\t\t\t<div class=\"elementor-widget-container\">\n\t\t\t\t\t\t\t\t\t<p>BlumBergTrade est\u00e1 presente en todo el mundo. Actualmente prestamos servicios a clientes de todo el mundo. Llevamos m\u00e1s de 10 a\u00f1os en el sector y comprendemos la importancia de crear centros de datos fiables, plataformas de negociaci\u00f3n seguras y personal de asistencia bien formado, eficiente y con experiencia para resolver todas tus dudas. BlumBergTrade no tiene una mesa de operaciones. Por tanto, garantizamos la ausencia de conflictos de intereses y de manipulaciones de precios para asegurarte unos par\u00e1metros de negociaci\u00f3n estables.    <\/p>\n<p>Tambi\u00e9n garantizamos la transparencia de los Datos. Los datos que necesitas compartir mientras operas, te proporcionamos toda la informaci\u00f3n y herramientas necesarias para que compartas s\u00f3lo los datos necesarios para operar y s\u00f3lo en la medida relevante. <\/p>\n\t\t\t\t\t\t\t\t<\/div>\n\t\t\t\t<\/div>\n\t\t\t\t<\/div>\n\t\t<div class=\"elementor-element elementor-element-08edf4e e-con-full e-flex e-con e-child\" data-id=\"08edf4e\" data-element_type=\"container\">\n\t\t\t\t<div class=\"elementor-element elementor-element-644c123 elementor-icon-list--layout-inline elementor-list-item-link-full_width elementor-widget elementor-widget-icon-list\" data-id=\"644c123\" data-element_type=\"widget\" data-widget_type=\"icon-list.default\">\n\t\t\t\t<div class=\"elementor-widget-container\">\n\t\t\t\t\t\t\t<ul class=\"elementor-icon-list-items elementor-inline-items\">\n\t\t\t\t\t\t\t<li class=\"elementor-icon-list-item elementor-inline-item\">\n\t\t\t\t\t\t\t\t\t\t<span class=\"elementor-icon-list-text\">SEGURIDAD DE LOS FONDOS<\/span>\n\t\t\t\t\t\t\t\t\t<\/li>\n\t\t\t\t\t\t<\/ul>\n\t\t\t\t\t\t<\/div>\n\t\t\t\t<\/div>\n\t\t\t\t<div class=\"elementor-element elementor-element-c498455 elementor-widget elementor-widget-text-editor\" data-id=\"c498455\" data-element_type=\"widget\" data-widget_type=\"text-editor.default\">\n\t\t\t\t<div class=\"elementor-widget-container\">\n\t\t\t\t\t\t\t\t\t<p>En BlumBergTrade, nos comprometemos a proporcionarte un entorno de negociaci\u00f3n seguro. Esto es especialmente importante cuando se trata de depositar y retirar el dinero que tanto te ha costado ganar. BlumBergTrade te permite operar con una garant\u00eda y seguridad sin precedentes. Tomamos enormes medidas para asegurarnos de que tus fondos se manejan de la forma m\u00e1s segura posible.   <\/p>\n\t\t\t\t\t\t\t\t<\/div>\n\t\t\t\t<\/div>\n\t\t\t\t<\/div>\n\t\t<div class=\"elementor-element elementor-element-90cb8d2 e-con-full e-flex e-con e-child\" data-id=\"90cb8d2\" data-element_type=\"container\">\n\t\t\t\t<div class=\"elementor-element elementor-element-bbee8ee elementor-icon-list--layout-inline elementor-list-item-link-full_width elementor-widget elementor-widget-icon-list\" data-id=\"bbee8ee\" data-element_type=\"widget\" data-widget_type=\"icon-list.default\">\n\t\t\t\t<div class=\"elementor-widget-container\">\n\t\t\t\t\t\t\t<ul class=\"elementor-icon-list-items elementor-inline-items\">\n\t\t\t\t\t\t\t<li class=\"elementor-icon-list-item elementor-inline-item\">\n\t\t\t\t\t\t\t\t\t\t\t<span class=\"elementor-icon-list-icon\">\n\t\t\t\t\t\t\t<svg aria-hidden=\"true\" class=\"e-font-icon-svg e-fas-angle-double-right\" viewBox=\"0 0 448 512\" xmlns=\"http:\/\/www.w3.org\/2000\/svg\"><path d=\"M224.3 273l-136 136c-9.4 9.4-24.6 9.4-33.9 0l-22.6-22.6c-9.4-9.4-9.4-24.6 0-33.9l96.4-96.4-96.4-96.4c-9.4-9.4-9.4-24.6 0-33.9L54.3 103c9.4-9.4 24.6-9.4 33.9 0l136 136c9.5 9.4 9.5 24.6.1 34zm192-34l-136-136c-9.4-9.4-24.6-9.4-33.9 0l-22.6 22.6c-9.4 9.4-9.4 24.6 0 33.9l96.4 96.4-96.4 96.4c-9.4 9.4-9.4 24.6 0 33.9l22.6 22.6c9.4 9.4 24.6 9.4 33.9 0l136-136c9.4-9.2 9.4-24.4 0-33.8z\"><\/path><\/svg>\t\t\t\t\t\t<\/span>\n\t\t\t\t\t\t\t\t\t\t<span class=\"elementor-icon-list-text\">SEGREGACI\u00d3N DE FONDOS<\/span>\n\t\t\t\t\t\t\t\t\t<\/li>\n\t\t\t\t\t\t<\/ul>\n\t\t\t\t\t\t<\/div>\n\t\t\t\t<\/div>\n\t\t\t\t<div class=\"elementor-element elementor-element-af7c2b0 elementor-widget elementor-widget-text-editor\" data-id=\"af7c2b0\" data-element_type=\"widget\" data-widget_type=\"text-editor.default\">\n\t\t\t\t<div class=\"elementor-widget-container\">\n\t\t\t\t\t\t\t\t\t<p>Tus fondos se reciben en las cuentas bancarias fiduciarias segregadas de clientes de la empresa. Estos fondos est\u00e1n fuera de balance y no pueden utilizarse para pagar a los acreedores en el improbable caso de impago de la Empresa. <\/p>\n\t\t\t\t\t\t\t\t<\/div>\n\t\t\t\t<\/div>\n\t\t\t\t<div class=\"elementor-element elementor-element-0d264ae elementor-icon-list--layout-inline elementor-list-item-link-full_width elementor-widget elementor-widget-icon-list\" data-id=\"0d264ae\" data-element_type=\"widget\" data-widget_type=\"icon-list.default\">\n\t\t\t\t<div class=\"elementor-widget-container\">\n\t\t\t\t\t\t\t<ul class=\"elementor-icon-list-items elementor-inline-items\">\n\t\t\t\t\t\t\t<li class=\"elementor-icon-list-item elementor-inline-item\">\n\t\t\t\t\t\t\t\t\t\t\t<span class=\"elementor-icon-list-icon\">\n\t\t\t\t\t\t\t<svg aria-hidden=\"true\" class=\"e-font-icon-svg e-fas-angle-double-right\" viewBox=\"0 0 448 512\" xmlns=\"http:\/\/www.w3.org\/2000\/svg\"><path d=\"M224.3 273l-136 136c-9.4 9.4-24.6 9.4-33.9 0l-22.6-22.6c-9.4-9.4-9.4-24.6 0-33.9l96.4-96.4-96.4-96.4c-9.4-9.4-9.4-24.6 0-33.9L54.3 103c9.4-9.4 24.6-9.4 33.9 0l136 136c9.5 9.4 9.5 24.6.1 34zm192-34l-136-136c-9.4-9.4-24.6-9.4-33.9 0l-22.6 22.6c-9.4 9.4-9.4 24.6 0 33.9l96.4 96.4-96.4 96.4c-9.4 9.4-9.4 24.6 0 33.9l22.6 22.6c9.4 9.4 24.6 9.4 33.9 0l136-136c9.4-9.2 9.4-24.4 0-33.8z\"><\/path><\/svg>\t\t\t\t\t\t<\/span>\n\t\t\t\t\t\t\t\t\t\t<span class=\"elementor-icon-list-text\">CUENTAS BANCARIAS<\/span>\n\t\t\t\t\t\t\t\t\t<\/li>\n\t\t\t\t\t\t<\/ul>\n\t\t\t\t\t\t<\/div>\n\t\t\t\t<\/div>\n\t\t\t\t<div class=\"elementor-element elementor-element-8dfdf7d elementor-widget elementor-widget-text-editor\" data-id=\"8dfdf7d\" data-element_type=\"widget\" data-widget_type=\"text-editor.default\">\n\t\t\t\t<div class=\"elementor-widget-container\">\n\t\t\t\t\t\t\t\t\t<p>La empresa mantiene cuentas bancarias operativas y de clientes en instituciones bancarias internacionales de prestigio.<\/p>\n\t\t\t\t\t\t\t\t<\/div>\n\t\t\t\t<\/div>\n\t\t\t\t<div class=\"elementor-element elementor-element-a94e822 elementor-icon-list--layout-inline elementor-list-item-link-full_width elementor-widget elementor-widget-icon-list\" data-id=\"a94e822\" data-element_type=\"widget\" data-widget_type=\"icon-list.default\">\n\t\t\t\t<div class=\"elementor-widget-container\">\n\t\t\t\t\t\t\t<ul class=\"elementor-icon-list-items elementor-inline-items\">\n\t\t\t\t\t\t\t<li class=\"elementor-icon-list-item elementor-inline-item\">\n\t\t\t\t\t\t\t\t\t\t\t<span class=\"elementor-icon-list-icon\">\n\t\t\t\t\t\t\t<svg aria-hidden=\"true\" class=\"e-font-icon-svg e-fas-angle-double-right\" viewBox=\"0 0 448 512\" xmlns=\"http:\/\/www.w3.org\/2000\/svg\"><path d=\"M224.3 273l-136 136c-9.4 9.4-24.6 9.4-33.9 0l-22.6-22.6c-9.4-9.4-9.4-24.6 0-33.9l96.4-96.4-96.4-96.4c-9.4-9.4-9.4-24.6 0-33.9L54.3 103c9.4-9.4 24.6-9.4 33.9 0l136 136c9.5 9.4 9.5 24.6.1 34zm192-34l-136-136c-9.4-9.4-24.6-9.4-33.9 0l-22.6 22.6c-9.4 9.4-9.4 24.6 0 33.9l96.4 96.4-96.4 96.4c-9.4 9.4-9.4 24.6 0 33.9l22.6 22.6c9.4 9.4 24.6 9.4 33.9 0l136-136c9.4-9.2 9.4-24.4 0-33.8z\"><\/path><\/svg>\t\t\t\t\t\t<\/span>\n\t\t\t\t\t\t\t\t\t\t<span class=\"elementor-icon-list-text\">TECNOLOG\u00cdA AVANZADA<\/span>\n\t\t\t\t\t\t\t\t\t<\/li>\n\t\t\t\t\t\t<\/ul>\n\t\t\t\t\t\t<\/div>\n\t\t\t\t<\/div>\n\t\t\t\t<div class=\"elementor-element elementor-element-7fa2c7b elementor-widget elementor-widget-text-editor\" data-id=\"7fa2c7b\" data-element_type=\"widget\" data-widget_type=\"text-editor.default\">\n\t\t\t\t<div class=\"elementor-widget-container\">\n\t\t\t\t\t\t\t\t\t<p>Utilizamos encriptaci\u00f3n Secure Socket Layer (SSL) entre los servidores para evitar cualquier fuga de informaci\u00f3n. Nuestros centros de datos utilizan cortafuegos de hardware y software para proteger tus datos de intrusos, piratas inform\u00e1ticos y c\u00f3digos maliciosos. <\/p>\n\t\t\t\t\t\t\t\t<\/div>\n\t\t\t\t<\/div>\n\t\t\t\t<\/div>\n\t\t<div class=\"elementor-element elementor-element-b79c840 e-con-full e-flex e-con e-child\" data-id=\"b79c840\" data-element_type=\"container\">\n\t\t\t\t<div class=\"elementor-element elementor-element-215aceb elementor-icon-list--layout-inline elementor-list-item-link-full_width elementor-widget elementor-widget-icon-list\" data-id=\"215aceb\" data-element_type=\"widget\" data-widget_type=\"icon-list.default\">\n\t\t\t\t<div class=\"elementor-widget-container\">\n\t\t\t\t\t\t\t<ul class=\"elementor-icon-list-items elementor-inline-items\">\n\t\t\t\t\t\t\t<li class=\"elementor-icon-list-item elementor-inline-item\">\n\t\t\t\t\t\t\t\t\t\t<span class=\"elementor-icon-list-text\">ATENCI\u00d3N AL CLIENTE FIABLE<\/span>\n\t\t\t\t\t\t\t\t\t<\/li>\n\t\t\t\t\t\t<\/ul>\n\t\t\t\t\t\t<\/div>\n\t\t\t\t<\/div>\n\t\t\t\t<div class=\"elementor-element elementor-element-c3d180a elementor-widget elementor-widget-text-editor\" data-id=\"c3d180a\" data-element_type=\"widget\" data-widget_type=\"text-editor.default\">\n\t\t\t\t<div class=\"elementor-widget-container\">\n\t\t\t\t\t\t\t\t\t<p>BlumBergTrade atiende a clientes de todo el mundo. Por ello, comprendemos la importancia de ofrecer asistencia en los idiomas regionales. Hoy en d\u00eda ofrecemos asistencia por chat en directo en m\u00e1s de 10 idiomas. Y eso no es todo: estamos ampliando continuamente nuestra oferta y nuestro servicio de asistencia multiling\u00fce. Nuestros agentes de atenci\u00f3n al cliente est\u00e1n disponibles 24 horas al d\u00eda, 5 d\u00edas a la semana, para ayudarte con cualquier duda o problema que puedas tener.    <\/p>\n\t\t\t\t\t\t\t\t<\/div>\n\t\t\t\t<\/div>\n\t\t\t\t<\/div>\n\t\t<div class=\"elementor-element elementor-element-c7b73b8 e-con-full e-flex e-con e-child\" data-id=\"c7b73b8\" data-element_type=\"container\">\n\t\t\t\t<div class=\"elementor-element elementor-element-bedbd17 elementor-icon-list--layout-inline elementor-list-item-link-full_width elementor-widget elementor-widget-icon-list\" data-id=\"bedbd17\" data-element_type=\"widget\" data-widget_type=\"icon-list.default\">\n\t\t\t\t<div class=\"elementor-widget-container\">\n\t\t\t\t\t\t\t<ul class=\"elementor-icon-list-items elementor-inline-items\">\n\t\t\t\t\t\t\t<li class=\"elementor-icon-list-item elementor-inline-item\">\n\t\t\t\t\t\t\t\t\t\t<span class=\"elementor-icon-list-text\">RICA BASE DE CONOCIMIENTOS<\/span>\n\t\t\t\t\t\t\t\t\t<\/li>\n\t\t\t\t\t\t<\/ul>\n\t\t\t\t\t\t<\/div>\n\t\t\t\t<\/div>\n\t\t\t\t<div class=\"elementor-element elementor-element-d778e75 elementor-widget elementor-widget-text-editor\" data-id=\"d778e75\" data-element_type=\"widget\" data-widget_type=\"text-editor.default\">\n\t\t\t\t<div class=\"elementor-widget-container\">\n\t\t\t\t\t\t\t\t\t<p>Uno se supera con la pr\u00e1ctica. Te ofrecemos practicar y pulir tus habilidades de negociaci\u00f3n con una cuenta de prueba sin que tu bolsillo sufra ning\u00fan pellizco. La cuenta de prueba proporciona todas las funciones importantes que ofrece una cuenta real. Tambi\u00e9n te permite experimentar con nuevas estrategias de negociaci\u00f3n antes de probarlas en el mercado real.   <\/p>\n<p>Tambi\u00e9n ofrecemos una serie de v\u00eddeos educativos breves para ponerte al d\u00eda sobre los aspectos b\u00e1sicos del funcionamiento de las operaciones. Nuestros gestores de cuentas expertos te proporcionar\u00e1n formaci\u00f3n personalizada en tu idioma. Los operadores m\u00e1s experimentados obtienen un gran servicio y una visi\u00f3n profesional del mercado de su Gestor Personal.  <\/p>\n\t\t\t\t\t\t\t\t<\/div>\n\t\t\t\t<\/div>\n\t\t\t\t<\/div>\n\t\t<div class=\"elementor-element elementor-element-0bb99b8 e-con-full e-flex e-con e-child\" data-id=\"0bb99b8\" data-element_type=\"container\">\n\t\t\t\t<div class=\"elementor-element elementor-element-958c0d0 elementor-icon-list--layout-inline elementor-list-item-link-full_width elementor-widget elementor-widget-icon-list\" data-id=\"958c0d0\" data-element_type=\"widget\" data-widget_type=\"icon-list.default\">\n\t\t\t\t<div class=\"elementor-widget-container\">\n\t\t\t\t\t\t\t<ul class=\"elementor-icon-list-items elementor-inline-items\">\n\t\t\t\t\t\t\t<li class=\"elementor-icon-list-item elementor-inline-item\">\n\t\t\t\t\t\t\t\t\t\t<span class=\"elementor-icon-list-text\">PLATAFORMAS DE NEGOCIACI\u00d3N EFICACES<\/span>\n\t\t\t\t\t\t\t\t\t<\/li>\n\t\t\t\t\t\t<\/ul>\n\t\t\t\t\t\t<\/div>\n\t\t\t\t<\/div>\n\t\t\t\t<div class=\"elementor-element elementor-element-c4aa32b elementor-widget elementor-widget-text-editor\" data-id=\"c4aa32b\" data-element_type=\"widget\" data-widget_type=\"text-editor.default\">\n\t\t\t\t<div class=\"elementor-widget-container\">\n\t\t\t\t\t\t\t\t\t<p>BlumBergTrade ofrece plataformas de negociaci\u00f3n de escritorio, web y m\u00f3vil. Cada una de estas plataformas es 100% segura. Cada una de ellas ha sido dise\u00f1ada para tu plataforma seleccionada. Cada plataforma te proporciona acceso para operar en cientos de mercados. Nuestras actualizaciones peri\u00f3dicas de cada una de estas plataformas tienen como objetivo proporcionarte m\u00e1s funciones de valor a\u00f1adido. Nuestras plataformas para m\u00f3viles y tabletas garantizan que no te pierdas ni una sola operaci\u00f3n, \u00a1incluso cuando est\u00e9s fuera de casa!     <\/p>\n\t\t\t\t\t\t\t\t<\/div>\n\t\t\t\t<\/div>\n\t\t\t\t<\/div>\n\t\t<div class=\"elementor-element elementor-element-66f3b2c e-con-full e-flex e-con e-child\" data-id=\"66f3b2c\" data-element_type=\"container\">\n\t\t\t\t<div class=\"elementor-element elementor-element-31373f2 elementor-icon-list--layout-inline elementor-list-item-link-full_width elementor-widget elementor-widget-icon-list\" data-id=\"31373f2\" data-element_type=\"widget\" data-widget_type=\"icon-list.default\">\n\t\t\t\t<div class=\"elementor-widget-container\">\n\t\t\t\t\t\t\t<ul class=\"elementor-icon-list-items elementor-inline-items\">\n\t\t\t\t\t\t\t<li class=\"elementor-icon-list-item elementor-inline-item\">\n\t\t\t\t\t\t\t\t\t\t<span class=\"elementor-icon-list-text\">HERRAMIENTAS AVANZADAS DE NEGOCIACI\u00d3N<\/span>\n\t\t\t\t\t\t\t\t\t<\/li>\n\t\t\t\t\t\t<\/ul>\n\t\t\t\t\t\t<\/div>\n\t\t\t\t<\/div>\n\t\t\t\t<div class=\"elementor-element elementor-element-4e4b1c3 elementor-widget elementor-widget-text-editor\" data-id=\"4e4b1c3\" data-element_type=\"widget\" data-widget_type=\"text-editor.default\">\n\t\t\t\t<div class=\"elementor-widget-container\">\n\t\t\t\t\t\t\t\t\t<p>Un operador necesita conocer muchos t\u00e9rminos t\u00e9cnicos utilizados a menudo por operadores experimentados. BlumBergTrade te proporciona un glosario completo de estas jergas para mejorar tus conceptos de negociaci\u00f3n. Para desarrollar una estrategia, los operadores utilizan diversas herramientas y t\u00e9cnicas como los &#8220;Gr\u00e1ficos de Divisas&#8221;. Estas t\u00e9cnicas se basan en los movimientos pasados del mercado y ayudan a predecir la actividad futura. Familiar\u00edzate con estas t\u00e9cnicas de negociaci\u00f3n con nuestros v\u00eddeos educativos La eficacia del An\u00e1lisis T\u00e9cnico lo convierte en una t\u00e9cnica de negociaci\u00f3n muy popular. Consulta nuestro Calendario Econ\u00f3mico y aseg\u00farate de no perderte ning\u00fan acontecimiento importante que pueda influir en el mercado.     <\/p>\n\t\t\t\t\t\t\t\t<\/div>\n\t\t\t\t<\/div>\n\t\t\t\t<\/div>\n\t\t<div class=\"elementor-element elementor-element-7577b06 e-con-full e-flex e-con e-child\" data-id=\"7577b06\" data-element_type=\"container\">\n\t\t\t\t<div class=\"elementor-element elementor-element-6795583 elementor-icon-list--layout-inline elementor-list-item-link-full_width elementor-widget elementor-widget-icon-list\" data-id=\"6795583\" data-element_type=\"widget\" data-widget_type=\"icon-list.default\">\n\t\t\t\t<div class=\"elementor-widget-container\">\n\t\t\t\t\t\t\t<ul class=\"elementor-icon-list-items elementor-inline-items\">\n\t\t\t\t\t\t\t<li class=\"elementor-icon-list-item elementor-inline-item\">\n\t\t\t\t\t\t\t\t\t\t<span class=\"elementor-icon-list-text\">OFRECIENDO UN SINF\u00cdN DE OPORTUNIDADES<\/span>\n\t\t\t\t\t\t\t\t\t<\/li>\n\t\t\t\t\t\t<\/ul>\n\t\t\t\t\t\t<\/div>\n\t\t\t\t<\/div>\n\t\t\t\t<div class=\"elementor-element elementor-element-a8e85d7 elementor-widget elementor-widget-text-editor\" data-id=\"a8e85d7\" data-element_type=\"widget\" data-widget_type=\"text-editor.default\">\n\t\t\t\t<div class=\"elementor-widget-container\">\n\t\t\t\t\t\t\t\t\t<p>BlumBergTrade s\u00f3lo quiere el \u00e9xito para sus clientes, por eso siempre tendr\u00e1n acceso a la informaci\u00f3n m\u00e1s actualizada disponible en el mundo del Forex. Opera con confianza, con la informaci\u00f3n y la tecnolog\u00eda m\u00e1s actualizadas y fiables, incluidos an\u00e1lisis diarios de operaciones, revisiones de mercado y v\u00eddeos, gr\u00e1ficos avanzados y feeds de mercado en directo. <\/p>\n<p class=\"no-margin\">Te proporcionamos la tecnolog\u00eda punta necesaria para aprovechar las oportunidades diarias. Utilizamos tecnolog\u00eda e infraestructuras de \u00faltima generaci\u00f3n, herramientas anal\u00edticas y sistemas de gesti\u00f3n, que nos permiten informarte de tus operaciones y de su cuenta de resultados, en tiempo real. Y como estamos operativos durante todas las horas de negociaci\u00f3n, podr\u00e1s operar continuamente en todos los mercados del mundo, lo que te permitir\u00e1 beneficiarte de las novedades y aprovechar al m\u00e1ximo las oportunidades.  <\/p>\n\t\t\t\t\t\t\t\t<\/div>\n\t\t\t\t<\/div>\n\t\t\t\t<\/div>\n\t\t\t\t<\/div>\n\t\t\t\t\t<\/div>\n\t\t\t\t<\/div>\n\t\t\t\t<\/div>\n\t\t","protected":false},"excerpt":{"rendered":"<p>Home FIABLE Y TRANSPARENTE BlumBergTrade est\u00e1 presente en todo el mundo. Actualmente prestamos servicios a clientes de todo el mundo. Llevamos m\u00e1s de 10 a\u00f1os en el sector y comprendemos la importancia de crear centros de datos fiables, plataformas de negociaci\u00f3n seguras y personal de asistencia bien formado, eficiente y con experiencia para resolver todas [&hellip;]<\/p>\n","protected":false},"author":3,"featured_media":0,"parent":0,"menu_order":0,"comment_status":"closed","ping_status":"closed","template":"","meta":{"footnotes":""},"class_list":["post-9810","page","type-page","status-publish","hentry"],"_links":{"self":[{"href":"https:\/\/blumbergtrade.net\/es\/wp-json\/wp\/v2\/pages\/9810","targetHints":{"allow":["GET"]}}],"collection":[{"href":"https:\/\/blumbergtrade.net\/es\/wp-json\/wp\/v2\/pages"}],"about":[{"href":"https:\/\/blumbergtrade.net\/es\/wp-json\/wp\/v2\/types\/page"}],"author":[{"embeddable":true,"href":"https:\/\/blumbergtrade.net\/es\/wp-json\/wp\/v2\/users\/3"}],"replies":[{"embeddable":true,"href":"https:\/\/blumbergtrade.net\/es\/wp-json\/wp\/v2\/comments?post=9810"}],"version-history":[{"count":1,"href":"https:\/\/blumbergtrade.net\/es\/wp-json\/wp\/v2\/pages\/9810\/revisions"}],"predecessor-version":[{"id":9811,"href":"https:\/\/blumbergtrade.net\/es\/wp-json\/wp\/v2\/pages\/9810\/revisions\/9811"}],"wp:attachment":[{"href":"https:\/\/blumbergtrade.net\/es\/wp-json\/wp\/v2\/media?parent=9810"}],"curies":[{"name":"wp","href":"https:\/\/api.w.org\/{rel}","templated":true}]}}