{"id":9818,"date":"2023-11-15T13:40:21","date_gmt":"2023-11-15T13:40:21","guid":{"rendered":"https:\/\/blumbergtrade.net\/divulgacion-de-riesgos\/"},"modified":"2024-11-07T15:40:07","modified_gmt":"2024-11-07T15:40:07","slug":"divulgacion-de-riesgos","status":"publish","type":"page","link":"https:\/\/blumbergtrade.net\/es\/divulgacion-de-riesgos\/","title":{"rendered":"Divulgaci\u00f3n de riesgos"},"content":{"rendered":"\t\t<div data-elementor-type=\"wp-page\" data-elementor-id=\"9818\" class=\"elementor elementor-9818 elementor-721\" data-elementor-post-type=\"page\">\n\t\t\t\t<div class=\"elementor-element elementor-element-17f546a1 e-flex e-con-boxed e-con e-parent\" data-id=\"17f546a1\" data-element_type=\"container\" data-settings=\"{&quot;background_background&quot;:&quot;classic&quot;}\">\n\t\t\t\t\t<div class=\"e-con-inner\">\n\t\t<div class=\"elementor-element elementor-element-7f72da25 e-con-full e-flex e-con e-child\" data-id=\"7f72da25\" data-element_type=\"container\">\n\t\t\t\t<div class=\"elementor-element elementor-element-11a420a2 elementor-widget elementor-widget-ld_breadcrumb\" data-id=\"11a420a2\" data-element_type=\"widget\" data-widget_type=\"ld_breadcrumb.default\">\n\t\t\t\t<div class=\"elementor-widget-container\">\n\t\t\t\t\t<div class=\"lqd-breadcrumb-wrapper\"><nav role=\"navigation\" aria-label=\"Breadcrumbs\" class=\"breadcrumbs\"><ol class=\"breadcrumb reset-ul inline-nav inline-ul comma-sep-li\"><li class=\"breadcrumb-item active\"><a href=\"https:\/\/blumbergtrade.net\/es\/\" rel=\"home\"><span>Home<\/span><\/a><\/li><\/ol><\/nav><\/div>\t\t\t\t<\/div>\n\t\t\t\t<\/div>\n\t\t\t\t<\/div>\n\t\t\t\t\t<\/div>\n\t\t\t\t<\/div>\n\t\t<div class=\"elementor-element elementor-element-356e7d0b e-flex e-con-boxed e-con e-parent\" data-id=\"356e7d0b\" data-element_type=\"container\" data-settings=\"{&quot;background_background&quot;:&quot;classic&quot;}\">\n\t\t\t\t\t<div class=\"e-con-inner\">\n\t\t<div class=\"elementor-element elementor-element-3093c2bc e-con-full e-flex e-con e-child\" data-id=\"3093c2bc\" data-element_type=\"container\">\n\t\t\t\t<div class=\"elementor-element elementor-element-b17e21a elementor-widget elementor-widget-text-editor\" data-id=\"b17e21a\" data-element_type=\"widget\" data-widget_type=\"text-editor.default\">\n\t\t\t\t<div class=\"elementor-widget-container\">\n\t\t\t\t\t\t\t\t\t<p>La ejecuci\u00f3n de operaciones financieras, de naturaleza similar a las operaciones contempladas y descritas en este acuerdo, implican el uso de un apalancamiento financiero. el uso de un apalancamiento financiero elevado, junto con la ejecuci\u00f3n de las operaciones descritas en este acuerdo, deben considerarse actividades financieras de alto riesgo. debes considerar detenidamente si este tipo de actividad financiera se adapta a tus necesidades, tus recursos financieros y tus circunstancias personales. dado que el riesgo de p\u00e9rdida de parte o de la totalidad de los fondos invertidos en un corto periodo de tiempo es elevado, es aconsejable utilizar fondos designados por ti para operaciones financieras especulativas de alto riesgo.   <\/p>\n\t\t\t\t\t\t\t\t<\/div>\n\t\t\t\t<\/div>\n\t\t\t\t<div class=\"elementor-element elementor-element-d0dae89 elementor-widget elementor-widget-text-editor\" data-id=\"d0dae89\" data-element_type=\"widget\" data-widget_type=\"text-editor.default\">\n\t\t\t\t<div class=\"elementor-widget-container\">\n\t\t\t\t\t\t\t\t\t<p>Las advertencias detalladas en esta secci\u00f3n de informaci\u00f3n no incluyen todos los posibles riesgos asociados al tipo de transacciones contempladas en este acuerdo.<\/p>\n<p>La negociaci\u00f3n en los mercados financieros en general y la compra de CFD en particular es especulativa e implica un riesgo extremadamente alto y un elevado apalancamiento financiero. El Cliente declara manifiestamente que entiende perfectamente que pueden producirse peque\u00f1as diferencias en los precios de mercado en cortos periodos de tiempo y pueden causar grandes beneficios o p\u00e9rdidas en relaci\u00f3n con los valores, tan elevadas como la p\u00e9rdida total de todos los valores, todo ello en un corto periodo de tiempo y que no existe ning\u00fan m\u00e9todo que pueda asegurar los beneficios de las Transacciones en los mercados financieros. <\/p>\n<p>Al registrarte en el Sitio, abrir una cuenta y realizar Transacciones, apruebas que eres consciente de lo siguiente:<\/p>\n<p>El tipo de Operaciones que ofrece el Sistema pueden considerarse operaciones de riesgo especial y su realizaci\u00f3n puede implicar un alto nivel de riesgo.<\/p>\n<p>Aceptas y confirmas que tienes plena informaci\u00f3n y conocimiento sobre los CFD, incluidas las Divisas Digitales, y sobre los riesgos que conllevan las Operaciones. La realizaci\u00f3n de Transacciones queda a tu entera discreci\u00f3n y por la presente asumes los riesgos que implican dichas Transacciones y tienes la capacidad financiera para financiar las mencionadas Transacciones. <\/p>\n<p>Para completar cualquier retirada, todos los clientes deben completar los procedimientos de cumplimiento de retirada de BlumBergTrade.<\/p>\n<p>Lees los t\u00e9rminos de este Acuerdo y todos los t\u00e9rminos relativos a los Contratos Financieros tal y como se definen en este Acuerdo antes de la ejecuci\u00f3n de cualquier Contrato Financiero y comprendes plenamente las consecuencias y los resultados del \u00e9xito o del fracaso.<\/p>\n<p>Sabes que una inversi\u00f3n incorrecta puede causarte p\u00e9rdidas considerables.<\/p>\n<p>Sabes que la vida de cualquier Contrato Financiero ofrecido por el Sistema puede ser tan corta como unos minutos.<\/p>\n<p>El uso del Sistema est\u00e1 destinado exclusivamente a usuarios sofisticados con capacidad para soportar p\u00e9rdidas r\u00e1pidas hasta la p\u00e9rdida total del dinero invertido y\/o de los valores. Eres responsable de considerar cuidadosamente si dichas Transacciones te convienen a ti y a tus prop\u00f3sitos, teniendo en cuenta tus recursos, tus circunstancias personales y comprendiendo las implicaciones de las acciones realizadas por ti mismo. Se recomienda encarecidamente que consultes con expertos fiscales y asesores jur\u00eddicos.  <\/p>\n<p>La ejecuci\u00f3n de operaciones financieras, de naturaleza similar a las operaciones contempladas y descritas en este acuerdo, implican el uso de un apalancamiento financiero. el uso de un apalancamiento financiero elevado, junto con la ejecuci\u00f3n de las operaciones descritas en este acuerdo, deben considerarse actividades financieras de alto riesgo. debes considerar detenidamente si este tipo de actividad financiera se adapta a tus necesidades, tus recursos financieros y tus circunstancias personales. dado que el riesgo de p\u00e9rdida de parte o de la totalidad de los fondos invertidos en un corto periodo de tiempo es elevado, es aconsejable utilizar fondos designados por ti para operaciones financieras especulativas de alto riesgo.   <\/p>\n<p>Las advertencias detalladas en esta secci\u00f3n de informaci\u00f3n no incluyen todos los posibles riesgos asociados al tipo de transacciones contempladas en este acuerdo.<\/p>\n<p>La negociaci\u00f3n en los mercados financieros en general y la compra de CFD en particular es especulativa e implica un riesgo extremadamente alto y un elevado apalancamiento financiero. El Cliente declara manifiestamente que entiende perfectamente que pueden producirse peque\u00f1as diferencias en los precios de mercado en cortos periodos de tiempo y pueden causar grandes beneficios o p\u00e9rdidas en relaci\u00f3n con los valores, tan elevadas como la p\u00e9rdida total de todos los valores, todo ello en un corto periodo de tiempo y que no existe ning\u00fan m\u00e9todo que pueda asegurar los beneficios de las Transacciones en los mercados financieros. <\/p>\n<p>Al registrarte en el Sitio, abrir una cuenta y realizar Transacciones, apruebas que eres consciente de lo siguiente:<\/p>\n<p>El tipo de Operaciones que ofrece el Sistema pueden considerarse operaciones de riesgo especial y su realizaci\u00f3n puede implicar un alto nivel de riesgo.<\/p>\n<p>Aceptas y confirmas que tienes plena informaci\u00f3n y conocimiento sobre los CFD, incluidas las Divisas Digitales, y sobre los riesgos que conllevan las Operaciones. La realizaci\u00f3n de Transacciones queda a tu entera discreci\u00f3n y por la presente asumes los riesgos que implican dichas Transacciones y tienes la capacidad financiera para financiar las mencionadas Transacciones. <\/p>\n<p>Para completar cualquier retirada, todos los clientes deben completar los procedimientos de cumplimiento de retirada de BlumBergTrade.<\/p>\n<p>Lees los t\u00e9rminos de este Acuerdo y todos los t\u00e9rminos relativos a los Contratos Financieros tal y como se definen en este Acuerdo antes de la ejecuci\u00f3n de cualquier Contrato Financiero y comprendes plenamente las consecuencias y los resultados del \u00e9xito o del fracaso.<\/p>\n<p>Sabes que una inversi\u00f3n incorrecta puede causarte p\u00e9rdidas considerables.<\/p>\n<p>Sabes que la vida de cualquier Contrato Financiero ofrecido por el Sistema puede ser tan corta como unos minutos.<\/p>\n<p>El uso del Sistema est\u00e1 destinado exclusivamente a usuarios sofisticados con capacidad para soportar p\u00e9rdidas r\u00e1pidas hasta la p\u00e9rdida total del dinero invertido y\/o de los valores. Eres responsable de considerar cuidadosamente si dichas Transacciones te convienen a ti y a tus prop\u00f3sitos, teniendo en cuenta tus recursos, tus circunstancias personales y la comprensi\u00f3n de las implicaciones de las acciones realizadas por ti mismo. <\/p>\n<p class=\"no-margin\">Es muy recomendable que consultes con expertos fiscales y asesores jur\u00eddicos.<\/p>\n\t\t\t\t\t\t\t\t<\/div>\n\t\t\t\t<\/div>\n\t\t\t\t<\/div>\n\t\t\t\t\t<\/div>\n\t\t\t\t<\/div>\n\t\t\t\t<\/div>\n\t\t","protected":false},"excerpt":{"rendered":"<p>Home La ejecuci\u00f3n de operaciones financieras, de naturaleza similar a las operaciones contempladas y descritas en este acuerdo, implican el uso de un apalancamiento financiero. el uso de un apalancamiento financiero elevado, junto con la ejecuci\u00f3n de las operaciones descritas en este acuerdo, deben considerarse actividades financieras de alto riesgo. debes considerar detenidamente si este [&hellip;]<\/p>\n","protected":false},"author":3,"featured_media":0,"parent":0,"menu_order":0,"comment_status":"closed","ping_status":"closed","template":"","meta":{"footnotes":""},"class_list":["post-9818","page","type-page","status-publish","hentry"],"_links":{"self":[{"href":"https:\/\/blumbergtrade.net\/es\/wp-json\/wp\/v2\/pages\/9818","targetHints":{"allow":["GET"]}}],"collection":[{"href":"https:\/\/blumbergtrade.net\/es\/wp-json\/wp\/v2\/pages"}],"about":[{"href":"https:\/\/blumbergtrade.net\/es\/wp-json\/wp\/v2\/types\/page"}],"author":[{"embeddable":true,"href":"https:\/\/blumbergtrade.net\/es\/wp-json\/wp\/v2\/users\/3"}],"replies":[{"embeddable":true,"href":"https:\/\/blumbergtrade.net\/es\/wp-json\/wp\/v2\/comments?post=9818"}],"version-history":[{"count":1,"href":"https:\/\/blumbergtrade.net\/es\/wp-json\/wp\/v2\/pages\/9818\/revisions"}],"predecessor-version":[{"id":9819,"href":"https:\/\/blumbergtrade.net\/es\/wp-json\/wp\/v2\/pages\/9818\/revisions\/9819"}],"wp:attachment":[{"href":"https:\/\/blumbergtrade.net\/es\/wp-json\/wp\/v2\/media?parent=9818"}],"curies":[{"name":"wp","href":"https:\/\/api.w.org\/{rel}","templated":true}]}}