{"id":9843,"date":"2023-11-15T13:40:21","date_gmt":"2023-11-15T13:40:21","guid":{"rendered":"https:\/\/blumbergtrade.net\/politica-de-privacidad\/"},"modified":"2025-02-25T15:59:55","modified_gmt":"2025-02-25T15:59:55","slug":"politica-de-privacidad","status":"publish","type":"page","link":"https:\/\/blumbergtrade.net\/es\/politica-de-privacidad\/","title":{"rendered":"Pol\u00edtica de privacidad"},"content":{"rendered":"\t\t<div data-elementor-type=\"wp-page\" data-elementor-id=\"9843\" class=\"elementor elementor-9843 elementor-3\" data-elementor-post-type=\"page\">\n\t\t\t\t<div class=\"elementor-element elementor-element-2d79697b e-flex e-con-boxed e-con e-parent\" data-id=\"2d79697b\" data-element_type=\"container\" data-settings=\"{&quot;background_background&quot;:&quot;classic&quot;}\">\n\t\t\t\t\t<div class=\"e-con-inner\">\n\t\t<div class=\"elementor-element elementor-element-3d291003 e-con-full e-flex e-con e-child\" data-id=\"3d291003\" data-element_type=\"container\">\n\t\t\t\t<div class=\"elementor-element elementor-element-5cc8d631 elementor-widget elementor-widget-ld_breadcrumb\" data-id=\"5cc8d631\" data-element_type=\"widget\" data-widget_type=\"ld_breadcrumb.default\">\n\t\t\t\t<div class=\"elementor-widget-container\">\n\t\t\t\t\t<div class=\"lqd-breadcrumb-wrapper\"><nav role=\"navigation\" aria-label=\"Breadcrumbs\" class=\"breadcrumbs\"><ol class=\"breadcrumb reset-ul inline-nav inline-ul comma-sep-li\"><li class=\"breadcrumb-item active\"><a href=\"https:\/\/blumbergtrade.net\/es\/\" rel=\"home\"><span>Home<\/span><\/a><\/li><\/ol><\/nav><\/div>\t\t\t\t<\/div>\n\t\t\t\t<\/div>\n\t\t\t\t<\/div>\n\t\t\t\t\t<\/div>\n\t\t\t\t<\/div>\n\t\t<div class=\"elementor-element elementor-element-15021a6f e-flex e-con-boxed e-con e-parent\" data-id=\"15021a6f\" data-element_type=\"container\" data-settings=\"{&quot;background_background&quot;:&quot;classic&quot;}\">\n\t\t\t\t\t<div class=\"e-con-inner\">\n\t\t<div class=\"elementor-element elementor-element-49acc033 e-con-full e-flex e-con e-child\" data-id=\"49acc033\" data-element_type=\"container\">\n\t\t\t\t<div class=\"elementor-element elementor-element-3196cff elementor-widget elementor-widget-text-editor\" data-id=\"3196cff\" data-element_type=\"widget\" data-widget_type=\"text-editor.default\">\n\t\t\t\t<div class=\"elementor-widget-container\">\n\t\t\t\t\t\t\t\t\t<p>Nos comprometemos a preservar la privacidad de todos los visitantes y usuarios de este sitio web. Lee la siguiente pol\u00edtica de privacidad para comprender c\u00f3mo utilizamos y protegemos la informaci\u00f3n que nos proporcionas. S\u00f3lo utilizaremos tu informaci\u00f3n personal de acuerdo con esta pol\u00edtica de privacidad.  <\/p>\n<p>Realizamos revisiones peri\u00f3dicas de &#8220;Nuestra Pol\u00edtica de Privacidad&#8221; para adherirnos a cualquier nueva ley o cambio tecnol\u00f3gico en nuestras operaciones y pr\u00e1cticas y para asegurarnos de que sigue siendo apropiada para un entorno cambiante.<\/p>\n<p>Al utilizar este sitio web, das tu consentimiento para que utilicemos tus datos personales como se indica a continuaci\u00f3n.<\/p>\t\t\t\t\t\t\t\t<\/div>\n\t\t\t\t<\/div>\n\t\t\t\t<div class=\"elementor-element elementor-element-b629966 elementor-widget elementor-widget-heading\" data-id=\"b629966\" data-element_type=\"widget\" data-widget_type=\"heading.default\">\n\t\t\t\t<div class=\"elementor-widget-container\">\n\t\t\t\t\t<h2 class=\"elementor-heading-title elementor-size-default\">Informaci\u00f3n personal<\/h2>\t\t\t\t<\/div>\n\t\t\t\t<\/div>\n\t\t\t\t<div class=\"elementor-element elementor-element-6fcf313 elementor-widget elementor-widget-text-editor\" data-id=\"6fcf313\" data-element_type=\"widget\" data-widget_type=\"text-editor.default\">\n\t\t\t\t<div class=\"elementor-widget-container\">\n\t\t\t\t\t\t\t\t\t<p>Si decides solicitar la apertura de una cuenta con nosotros, te pediremos cierta informaci\u00f3n para hacerlo. Esta informaci\u00f3n incluye, entre otros, datos personales como nombre, direcci\u00f3n, fecha de nacimiento, datos de contacto, datos laborales, activos y pasivos y otra informaci\u00f3n financiera necesaria. <\/p>\n<p>Tambi\u00e9n podemos solicitar informaci\u00f3n adicional que nos ayude a mejorar el servicio que te prestamos. Tambi\u00e9n podemos recopilar informaci\u00f3n sobre tu uso del sitio web, como las p\u00e1ginas visitadas, la frecuencia y duraci\u00f3n, la visita y las actividades comerciales. Toda esta informaci\u00f3n se recoge para mejorar la calidad de nuestro servicio.  <\/p>\t\t\t\t\t\t\t\t<\/div>\n\t\t\t\t<\/div>\n\t\t\t\t<div class=\"elementor-element elementor-element-6c5eb29 elementor-widget elementor-widget-heading\" data-id=\"6c5eb29\" data-element_type=\"widget\" data-widget_type=\"heading.default\">\n\t\t\t\t<div class=\"elementor-widget-container\">\n\t\t\t\t\t<h2 class=\"elementor-heading-title elementor-size-default\">Divulgaci\u00f3n de informaci\u00f3n<\/h2>\t\t\t\t<\/div>\n\t\t\t\t<\/div>\n\t\t\t\t<div class=\"elementor-element elementor-element-f6a904a elementor-widget elementor-widget-text-editor\" data-id=\"f6a904a\" data-element_type=\"widget\" data-widget_type=\"text-editor.default\">\n\t\t\t\t<div class=\"elementor-widget-container\">\n\t\t\t\t\t\t\t\t\t<p>La informaci\u00f3n personal que nos proporciones no se revelar\u00e1 a terceros sin tu consentimiento previo, a menos que dicha informaci\u00f3n:<\/p>\n<p>a empresas vinculadas a la nuestra;<\/p>\n<p>era de nuestro conocimiento y\/o estaba disponible de forma general en el dominio p\u00fablico antes del momento de su divulgaci\u00f3n por tu parte;<\/p>\n<p>pase a ser de dominio p\u00fablico y est\u00e9 generalmente disponible despu\u00e9s de que t\u00fa nos lo hayas revelado, sin que nosotros hayamos actuado o dejado de actuar;<\/p>\n<p>la ley exija su divulgaci\u00f3n, en cuyo caso te notificaremos la divulgaci\u00f3n propuesta con la mayor antelaci\u00f3n posible (incluida una copia de cualquier solicitud u orden por escrito) para que puedas limitar o restringir dicha divulgaci\u00f3n;<\/p>\n<p>nos sea facilitada o puesta en nuestro conocimiento por un tercero sin que ello suponga el incumplimiento de alguna de nuestras obligaciones de confidencialidad en virtud del presente documento; haya sido desarrollada de forma independiente por nosotros sin referencia a la informaci\u00f3n revelada por ti o fuera conocida por nosotros, sin restricciones, en el momento de su revelaci\u00f3n por tu parte, como se demostrar\u00e1 y acreditar\u00e1 mediante documentos escritos; o sea necesaria su revelaci\u00f3n para que podamos proteger nuestros derechos.<\/p>\t\t\t\t\t\t\t\t<\/div>\n\t\t\t\t<\/div>\n\t\t\t\t<div class=\"elementor-element elementor-element-63ee1fa elementor-widget elementor-widget-heading\" data-id=\"63ee1fa\" data-element_type=\"widget\" data-widget_type=\"heading.default\">\n\t\t\t\t<div class=\"elementor-widget-container\">\n\t\t\t\t\t<h2 class=\"elementor-heading-title elementor-size-default\">Comunicaci\u00f3n<\/h2>\t\t\t\t<\/div>\n\t\t\t\t<\/div>\n\t\t\t\t<div class=\"elementor-element elementor-element-0bbbbaf elementor-widget elementor-widget-text-editor\" data-id=\"0bbbbaf\" data-element_type=\"widget\" data-widget_type=\"text-editor.default\">\n\t\t\t\t<div class=\"elementor-widget-container\">\n\t\t\t\t\t\t\t\t\t<p>Puedes informar a BlumBergTrade en cualquier momento de que tus datos personales han cambiado o de que deseas que BlumBergTrade elimine la informaci\u00f3n personal que tenemos sobre ti envi\u00e1ndonos un correo electr\u00f3nico a support@blumbergtrade.net. BlumBergTrade actuar\u00e1 de acuerdo con tus instrucciones, excepto en la medida en que estemos obligados a conservar tu informaci\u00f3n personal con fines reglamentarios o legales para poder prestarte los servicios que has solicitado y para mantener registros comerciales adecuados.<\/p>\t\t\t\t\t\t\t\t<\/div>\n\t\t\t\t<\/div>\n\t\t\t\t<div class=\"elementor-element elementor-element-99c3eba elementor-widget elementor-widget-heading\" data-id=\"99c3eba\" data-element_type=\"widget\" data-widget_type=\"heading.default\">\n\t\t\t\t<div class=\"elementor-widget-container\">\n\t\t\t\t\t<h2 class=\"elementor-heading-title elementor-size-default\">Uso de cookies<\/h2>\t\t\t\t<\/div>\n\t\t\t\t<\/div>\n\t\t\t\t<div class=\"elementor-element elementor-element-982e532 elementor-widget elementor-widget-text-editor\" data-id=\"982e532\" data-element_type=\"widget\" data-widget_type=\"text-editor.default\">\n\t\t\t\t<div class=\"elementor-widget-container\">\n\t\t\t\t\t\t\t\t\t<p>Si abres una cuenta con nosotros, tendr\u00e1s que utilizar nuestro software de comercio, que nos permite utilizar cookies en relaci\u00f3n con tu acceso a este sitio web.<\/p>\n<p>El Sitio Web puede recoger otro tipo de informaci\u00f3n, registrada por los servidores del Sitio Web, incluyendo tu direcci\u00f3n IP, tipo de navegador e idioma, y la fecha y hora de tu visita, con el fin de deducir ciertas tendencias de los usuarios o bloquear el acceso de determinados usuarios al Sitio Web. As\u00ed, el Sitio Web puede asignar a tu ordenador una o m\u00e1s cookies que pueden recoger informaci\u00f3n para facilitar el acceso al Sitio Web y personalizar tu experiencia en l\u00ednea, y\/o utilizar herramientas de Internet est\u00e1ndar o no est\u00e1ndar, como balizas web o programas de monitorizaci\u00f3n, que recogen informaci\u00f3n que rastrea tu uso del Sitio Web y permite personalizar nuestros servicios y promociones. <\/p>\n<p>El prop\u00f3sito de esta informaci\u00f3n es proporcionarte una experiencia m\u00e1s relevante y efectiva en este sitio web, incluyendo la presentaci\u00f3n de p\u00e1ginas web de acuerdo con tus necesidades o preferencias. Las cookies se utilizan con frecuencia en muchos sitios web de Internet y puedes elegir si una cookie ser\u00e1 aceptada y c\u00f3mo, cambiando las preferencias y opciones de tu navegador. Es posible que no puedas acceder a algunas partes de este sitio si decides desactivar la aceptaci\u00f3n de cookies en tu navegador, en particular a las partes seguras del sitio web. Por lo tanto, te recomendamos que habilites la aceptaci\u00f3n de cookies para beneficiarte de todos los servicios del sitio web.   <\/p>\t\t\t\t\t\t\t\t<\/div>\n\t\t\t\t<\/div>\n\t\t\t\t<div class=\"elementor-element elementor-element-0466546 elementor-widget elementor-widget-heading\" data-id=\"0466546\" data-element_type=\"widget\" data-widget_type=\"heading.default\">\n\t\t\t\t<div class=\"elementor-widget-container\">\n\t\t\t\t\t<h2 class=\"elementor-heading-title elementor-size-default\">Tecnolog\u00eda de terceros<\/h2>\t\t\t\t<\/div>\n\t\t\t\t<\/div>\n\t\t\t\t<div class=\"elementor-element elementor-element-4465e59 elementor-widget elementor-widget-text-editor\" data-id=\"4465e59\" data-element_type=\"widget\" data-widget_type=\"text-editor.default\">\n\t\t\t\t<div class=\"elementor-widget-container\">\n\t\t\t\t\t\t\t\t\t<ul class=\"list\">\n<li>La informaci\u00f3n personal que nos proporciones no se revelar\u00e1 a terceros sin tu consentimiento previo, a menos que dicha informaci\u00f3n:<\/li>\n<li>a empresas vinculadas a la nuestra;<\/li>\n<li>era de nuestro conocimiento y\/o estaba disponible de forma general en el dominio p\u00fablico antes del momento de su divulgaci\u00f3n por tu parte;<\/li>\n<li>pase a ser de dominio p\u00fablico y est\u00e9 generalmente disponible despu\u00e9s de que t\u00fa nos lo hayas revelado, sin que nosotros hayamos actuado o dejado de actuar;<\/li>\n<li>la ley exija su divulgaci\u00f3n, en cuyo caso te notificaremos la divulgaci\u00f3n propuesta con la mayor antelaci\u00f3n posible (incluida una copia de cualquier solicitud u orden por escrito) para que puedas limitar o restringir dicha divulgaci\u00f3n;<\/li>\n<li>nos sea facilitada o puesta en nuestro conocimiento por un tercero sin que ello suponga el incumplimiento de alguna de nuestras obligaciones de confidencialidad en virtud del presente documento; haya sido desarrollada de forma independiente por nosotros sin referencia a la informaci\u00f3n revelada por ti o fuera conocida por nosotros, sin restricciones, en el momento de su revelaci\u00f3n por tu parte, como se demostrar\u00e1 y acreditar\u00e1 mediante documentos escritos; o sea necesaria su revelaci\u00f3n para que podamos proteger nuestros derechos.<\/li>\n<\/ul>\t\t\t\t\t\t\t\t<\/div>\n\t\t\t\t<\/div>\n\t\t\t\t<div class=\"elementor-element elementor-element-a89718c elementor-widget elementor-widget-heading\" data-id=\"a89718c\" data-element_type=\"widget\" data-widget_type=\"heading.default\">\n\t\t\t\t<div class=\"elementor-widget-container\">\n\t\t\t\t\t<h2 class=\"elementor-heading-title elementor-size-default\">Enmiendas a la pol\u00edtica<\/h2>\t\t\t\t<\/div>\n\t\t\t\t<\/div>\n\t\t\t\t<div class=\"elementor-element elementor-element-d56acd4 elementor-widget elementor-widget-text-editor\" data-id=\"d56acd4\" data-element_type=\"widget\" data-widget_type=\"text-editor.default\">\n\t\t\t\t<div class=\"elementor-widget-container\">\n\t\t\t\t\t\t\t\t\t<ul class=\"list\"><li><p>Esta pol\u00edtica de privacidad puede modificarse de vez en cuando. Nos reservamos el derecho, en cualquier momento, de enmendar, alterar, modificar o cambiar, como creamos conveniente, cualquier t\u00e9rmino de esta Pol\u00edtica de Privacidad nuestra sin previo aviso, y por la presente aceptas ajustarte a la versi\u00f3n actual publicada en este sitio. <\/p><p class=\"no-margin\">Cualquier disputa sobre nuestra declaraci\u00f3n de privacidad est\u00e1 sujeta a este aviso y a nuestro acuerdo con el cliente. Te animamos a que revises peri\u00f3dicamente esta pol\u00edtica para que siempre sepas qu\u00e9 informaci\u00f3n recopilamos, c\u00f3mo la utilizamos y a qui\u00e9n la revelamos. Si tienes alguna pregunta que esta declaraci\u00f3n no aborda, ponte en contacto con nosotros a trav\u00e9s del chat en directo, por correo electr\u00f3nico o a trav\u00e9s de uno de nuestros centros de gesti\u00f3n con tus inquietudes en: support@blumbergtrade.net.  <\/p><\/li><\/ul>\t\t\t\t\t\t\t\t<\/div>\n\t\t\t\t<\/div>\n\t\t\t\t<\/div>\n\t\t\t\t\t<\/div>\n\t\t\t\t<\/div>\n\t\t\t\t<\/div>\n\t\t","protected":false},"excerpt":{"rendered":"<p>Home Nos comprometemos a preservar la privacidad de todos los visitantes y usuarios de este sitio web. Lee la siguiente pol\u00edtica de privacidad para comprender c\u00f3mo utilizamos y protegemos la informaci\u00f3n que nos proporcionas. S\u00f3lo utilizaremos tu informaci\u00f3n personal de acuerdo con esta pol\u00edtica de privacidad. Realizamos revisiones peri\u00f3dicas de &#8220;Nuestra Pol\u00edtica de Privacidad&#8221; para [&hellip;]<\/p>\n","protected":false},"author":3,"featured_media":0,"parent":0,"menu_order":0,"comment_status":"closed","ping_status":"open","template":"","meta":{"footnotes":""},"class_list":["post-9843","page","type-page","status-publish","hentry"],"_links":{"self":[{"href":"https:\/\/blumbergtrade.net\/es\/wp-json\/wp\/v2\/pages\/9843","targetHints":{"allow":["GET"]}}],"collection":[{"href":"https:\/\/blumbergtrade.net\/es\/wp-json\/wp\/v2\/pages"}],"about":[{"href":"https:\/\/blumbergtrade.net\/es\/wp-json\/wp\/v2\/types\/page"}],"author":[{"embeddable":true,"href":"https:\/\/blumbergtrade.net\/es\/wp-json\/wp\/v2\/users\/3"}],"replies":[{"embeddable":true,"href":"https:\/\/blumbergtrade.net\/es\/wp-json\/wp\/v2\/comments?post=9843"}],"version-history":[{"count":2,"href":"https:\/\/blumbergtrade.net\/es\/wp-json\/wp\/v2\/pages\/9843\/revisions"}],"predecessor-version":[{"id":10385,"href":"https:\/\/blumbergtrade.net\/es\/wp-json\/wp\/v2\/pages\/9843\/revisions\/10385"}],"wp:attachment":[{"href":"https:\/\/blumbergtrade.net\/es\/wp-json\/wp\/v2\/media?parent=9843"}],"curies":[{"name":"wp","href":"https:\/\/api.w.org\/{rel}","templated":true}]}}