{"id":9847,"date":"2023-11-15T13:39:36","date_gmt":"2023-11-15T13:39:36","guid":{"rendered":"https:\/\/blumbergtrade.net\/conceptos-basicos-sobre-el-mercado-de-divisas\/"},"modified":"2024-11-07T15:46:41","modified_gmt":"2024-11-07T15:46:41","slug":"conceptos-basicos-sobre-el-mercado-de-divisas","status":"publish","type":"page","link":"https:\/\/blumbergtrade.net\/es\/conceptos-basicos-sobre-el-mercado-de-divisas\/","title":{"rendered":"Conceptos b\u00e1sicos sobre el mercado de divisas"},"content":{"rendered":"\t\t<div data-elementor-type=\"wp-page\" data-elementor-id=\"9847\" class=\"elementor elementor-9847 elementor-711\" data-elementor-post-type=\"page\">\n\t\t\t\t<div class=\"elementor-element elementor-element-13d39e2a e-flex e-con-boxed e-con e-parent\" data-id=\"13d39e2a\" data-element_type=\"container\" data-settings=\"{&quot;background_background&quot;:&quot;classic&quot;}\">\n\t\t\t\t\t<div class=\"e-con-inner\">\n\t\t<div class=\"elementor-element elementor-element-5ce3c897 e-con-full e-flex e-con e-child\" data-id=\"5ce3c897\" data-element_type=\"container\">\n\t\t\t\t<div class=\"elementor-element elementor-element-186ddff1 elementor-widget elementor-widget-ld_breadcrumb\" data-id=\"186ddff1\" data-element_type=\"widget\" data-widget_type=\"ld_breadcrumb.default\">\n\t\t\t\t<div class=\"elementor-widget-container\">\n\t\t\t\t\t<div class=\"lqd-breadcrumb-wrapper\"><nav role=\"navigation\" aria-label=\"Breadcrumbs\" class=\"breadcrumbs\"><ol class=\"breadcrumb reset-ul inline-nav inline-ul comma-sep-li\"><li class=\"breadcrumb-item active\"><a href=\"https:\/\/blumbergtrade.net\/es\/\" rel=\"home\"><span>Home<\/span><\/a><\/li><\/ol><\/nav><\/div>\t\t\t\t<\/div>\n\t\t\t\t<\/div>\n\t\t\t\t<\/div>\n\t\t\t\t\t<\/div>\n\t\t\t\t<\/div>\n\t\t<div class=\"elementor-element elementor-element-647a38be e-flex e-con-boxed e-con e-parent\" data-id=\"647a38be\" data-element_type=\"container\" data-settings=\"{&quot;background_background&quot;:&quot;classic&quot;}\">\n\t\t\t\t\t<div class=\"e-con-inner\">\n\t\t<div class=\"elementor-element elementor-element-6b8cb62 e-con-full e-flex e-con e-child\" data-id=\"6b8cb62\" data-element_type=\"container\">\n\t\t\t\t<div class=\"elementor-element elementor-element-09735f2 elementor-widget elementor-widget-heading\" data-id=\"09735f2\" data-element_type=\"widget\" data-widget_type=\"heading.default\">\n\t\t\t\t<div class=\"elementor-widget-container\">\n\t\t\t\t\t<h2 class=\"elementor-heading-title elementor-size-default\">Operar con divisas se ha hecho extremadamente popular desde el cambio de siglo.<\/h2>\t\t\t\t<\/div>\n\t\t\t\t<\/div>\n\t\t\t\t<div class=\"elementor-element elementor-element-8731e5f elementor-widget elementor-widget-text-editor\" data-id=\"8731e5f\" data-element_type=\"widget\" data-widget_type=\"text-editor.default\">\n\t\t\t\t<div class=\"elementor-widget-container\">\n\t\t\t\t\t\t\t\t\t<p>Los avances tecnol\u00f3gicos han aumentado el tama\u00f1o del mercado de divisas, que ahora supera los 4 billones de d\u00f3lares de volumen de negocio medio al d\u00eda. Los precios de las divisas est\u00e1n constantemente influidos por las medidas adoptadas por los gobiernos y los bancos centrales de los principales pa\u00edses del mundo. <\/p>\n<p class=\"no-margin\">Si eres un operador con experiencia, entonces conoces a fondo el papel que desempe\u00f1a el corredor en la mejora de tus beneficios en el mercado de divisas. Con nuestro apoyo y orientaci\u00f3n superiores, ofrecemos asistencia en la ejecuci\u00f3n de las operaciones y tambi\u00e9n colaboramos estrechamente con nuestros operadores para garantizar los m\u00e1ximos resultados. <\/p>\n\t\t\t\t\t\t\t\t<\/div>\n\t\t\t\t<\/div>\n\t\t\t\t<div class=\"elementor-element elementor-element-985094d elementor-widget elementor-widget-text-editor\" data-id=\"985094d\" data-element_type=\"widget\" data-widget_type=\"text-editor.default\">\n\t\t\t\t<div class=\"elementor-widget-container\">\n\t\t\t\t\t\t\t\t\t<p>Ofrecemos a nuestros estimados clientes un entorno de negociaci\u00f3n de divisas profesional y transparente, con una amplia gama de instrumentos negociables. Con a\u00f1os de experiencia y amplios conocimientos del mercado de divisas, en BlumBergTrade sabemos que los pares de divisas m\u00e1s populares son el EUR\/USD, el GBP\/USD y el USD\/JPY. Nos aseguramos de que obtengas las cotizaciones m\u00e1s precisas del mercado de divisas. Te beneficiar\u00e1s de una cotizaci\u00f3n de divisas rentable y de baja latencia. BlumBergTrade no cobra comisiones ni otras tasas m\u00e1s all\u00e1 de los diferenciales m\u00ednimos de cada par de divisas. Nuestra plataforma de negociaci\u00f3n hace que las operaciones con divisas sean m\u00e1s accesibles y te ofrece m\u00e1s control y asistencia. Todo ello permite a nuestros operadores aumentar sus beneficios con facilidad.      <\/p>\n\t\t\t\t\t\t\t\t<\/div>\n\t\t\t\t<\/div>\n\t\t\t\t<div class=\"elementor-element elementor-element-33726a8 elementor-widget elementor-widget-heading\" data-id=\"33726a8\" data-element_type=\"widget\" data-widget_type=\"heading.default\">\n\t\t\t\t<div class=\"elementor-widget-container\">\n\t\t\t\t\t<h2 class=\"elementor-heading-title elementor-size-default\">Las condiciones comerciales de BlumBergTrade est\u00e1n cuidadosamente dise\u00f1adas para proporcionar un entorno comercial justo, transparente y fiable.<\/h2>\t\t\t\t<\/div>\n\t\t\t\t<\/div>\n\t\t\t\t<div class=\"elementor-element elementor-element-016620c elementor-widget elementor-widget-text-editor\" data-id=\"016620c\" data-element_type=\"widget\" data-widget_type=\"text-editor.default\">\n\t\t\t\t<div class=\"elementor-widget-container\">\n\t\t\t\t\t\t\t\t\t<p>Te ofrecemos los mejores diferenciales de divisas disponibles para ayudarte a mejorar tu experiencia de negociaci\u00f3n. Nos comprometemos a mantener los costes de la negociaci\u00f3n lo m\u00e1s competitivos posible, ofreciendo un valor l\u00edder en el mercado y descuentos en efectivo en todas las clases de activos. <\/p>\n<p class=\"no-margin\">Si est\u00e1s preparado para adentrarte en el mundo del trading en Forex, BlumBergTrade te proporcionar\u00e1 todas las herramientas necesarias para operar con eficacia, incluida una plataforma de trading intuitiva que combina alta liquidez, bajos tipos de inter\u00e9s y altos beneficios. El resultado final es tu \u00e9xito en las operaciones. <\/p>\n\t\t\t\t\t\t\t\t<\/div>\n\t\t\t\t<\/div>\n\t\t\t\t<\/div>\n\t\t\t\t\t<\/div>\n\t\t\t\t<\/div>\n\t\t\t\t<\/div>\n\t\t","protected":false},"excerpt":{"rendered":"<p>Home Operar con divisas se ha hecho extremadamente popular desde el cambio de siglo. Los avances tecnol\u00f3gicos han aumentado el tama\u00f1o del mercado de divisas, que ahora supera los 4 billones de d\u00f3lares de volumen de negocio medio al d\u00eda. Los precios de las divisas est\u00e1n constantemente influidos por las medidas adoptadas por los gobiernos [&hellip;]<\/p>\n","protected":false},"author":3,"featured_media":0,"parent":0,"menu_order":0,"comment_status":"closed","ping_status":"closed","template":"","meta":{"footnotes":""},"class_list":["post-9847","page","type-page","status-publish","hentry"],"_links":{"self":[{"href":"https:\/\/blumbergtrade.net\/es\/wp-json\/wp\/v2\/pages\/9847","targetHints":{"allow":["GET"]}}],"collection":[{"href":"https:\/\/blumbergtrade.net\/es\/wp-json\/wp\/v2\/pages"}],"about":[{"href":"https:\/\/blumbergtrade.net\/es\/wp-json\/wp\/v2\/types\/page"}],"author":[{"embeddable":true,"href":"https:\/\/blumbergtrade.net\/es\/wp-json\/wp\/v2\/users\/3"}],"replies":[{"embeddable":true,"href":"https:\/\/blumbergtrade.net\/es\/wp-json\/wp\/v2\/comments?post=9847"}],"version-history":[{"count":1,"href":"https:\/\/blumbergtrade.net\/es\/wp-json\/wp\/v2\/pages\/9847\/revisions"}],"predecessor-version":[{"id":9848,"href":"https:\/\/blumbergtrade.net\/es\/wp-json\/wp\/v2\/pages\/9847\/revisions\/9848"}],"wp:attachment":[{"href":"https:\/\/blumbergtrade.net\/es\/wp-json\/wp\/v2\/media?parent=9847"}],"curies":[{"name":"wp","href":"https:\/\/api.w.org\/{rel}","templated":true}]}}