{"id":9859,"date":"2023-11-15T13:40:21","date_gmt":"2023-11-15T13:40:21","guid":{"rendered":"https:\/\/blumbergtrade.net\/central-de-comercio\/"},"modified":"2024-11-07T15:48:07","modified_gmt":"2024-11-07T15:48:07","slug":"central-de-comercio","status":"publish","type":"page","link":"https:\/\/blumbergtrade.net\/es\/central-de-comercio\/","title":{"rendered":"Central de Comercio"},"content":{"rendered":"\t\t<div data-elementor-type=\"wp-page\" data-elementor-id=\"9859\" class=\"elementor elementor-9859 elementor-715\" data-elementor-post-type=\"page\">\n\t\t\t\t<div class=\"elementor-element elementor-element-6dc901bc e-flex e-con-boxed e-con e-parent\" data-id=\"6dc901bc\" data-element_type=\"container\" data-settings=\"{&quot;background_background&quot;:&quot;classic&quot;}\">\n\t\t\t\t\t<div class=\"e-con-inner\">\n\t\t<div class=\"elementor-element elementor-element-394dad5b e-con-full e-flex e-con e-child\" data-id=\"394dad5b\" data-element_type=\"container\">\n\t\t\t\t<div class=\"elementor-element elementor-element-7873f1fc elementor-widget elementor-widget-ld_breadcrumb\" data-id=\"7873f1fc\" data-element_type=\"widget\" data-widget_type=\"ld_breadcrumb.default\">\n\t\t\t\t<div class=\"elementor-widget-container\">\n\t\t\t\t\t<div class=\"lqd-breadcrumb-wrapper\"><nav role=\"navigation\" aria-label=\"Breadcrumbs\" class=\"breadcrumbs\"><ol class=\"breadcrumb reset-ul inline-nav inline-ul comma-sep-li\"><li class=\"breadcrumb-item active\"><a href=\"https:\/\/blumbergtrade.net\/es\/\" rel=\"home\"><span>Home<\/span><\/a><\/li><\/ol><\/nav><\/div>\t\t\t\t<\/div>\n\t\t\t\t<\/div>\n\t\t\t\t<\/div>\n\t\t\t\t\t<\/div>\n\t\t\t\t<\/div>\n\t\t<div class=\"elementor-element elementor-element-14558c62 e-flex e-con-boxed e-con e-parent\" data-id=\"14558c62\" data-element_type=\"container\" data-settings=\"{&quot;background_background&quot;:&quot;classic&quot;}\">\n\t\t\t\t\t<div class=\"e-con-inner\">\n\t\t<div class=\"elementor-element elementor-element-48dc85f4 e-con-full e-flex e-con e-child\" data-id=\"48dc85f4\" data-element_type=\"container\">\n\t\t\t\t<div class=\"elementor-element elementor-element-a9f37d4 elementor-widget elementor-widget-text-editor\" data-id=\"a9f37d4\" data-element_type=\"widget\" data-widget_type=\"text-editor.default\">\n\t\t\t\t<div class=\"elementor-widget-container\">\n\t\t\t\t\t\t\t\t\t<p>Cobertura multiactivos 24H<\/p>\n<p>Nuestra s\u00f3lida cobertura de m\u00e1s de 75.000 instrumentos ayuda a los inversores a ampliar sus estrategias de negociaci\u00f3n y diversificar sus carteras.<\/p>\n<p>Reconocimiento de patrones patentado<\/p>\n<p>Nuestros an\u00e1lisis t\u00e9cnicos y fundamentales ayudan a optimizar las estrategias de negociaci\u00f3n con sencillas alertas, pruebas retrospectivas y filtros personalizables.<\/p>\n<p>Segunda opini\u00f3n independiente<\/p>\n<p>Como asesores independientes registrados, estamos orgullosos de ofrecer estudios de mercado libres de cualquier conflicto de intereses.<\/p>\n\t\t\t\t\t\t\t\t<\/div>\n\t\t\t\t<\/div>\n\t\t\t\t<div class=\"elementor-element elementor-element-a3b377c elementor-widget elementor-widget-heading\" data-id=\"a3b377c\" data-element_type=\"widget\" data-widget_type=\"heading.default\">\n\t\t\t\t<div class=\"elementor-widget-container\">\n\t\t\t\t\t<h2 class=\"elementor-heading-title elementor-size-default\">L\u00edderes mundiales en tecnolog\u00eda financiera<\/h2>\t\t\t\t<\/div>\n\t\t\t\t<\/div>\n\t\t\t\t<div class=\"elementor-element elementor-element-eb3d09c elementor-widget elementor-widget-text-editor\" data-id=\"eb3d09c\" data-element_type=\"widget\" data-widget_type=\"text-editor.default\">\n\t\t\t\t<div class=\"elementor-widget-container\">\n\t\t\t\t\t\t\t\t\t<p>Nuestro din\u00e1mico conjunto de productos combina la premiada investigaci\u00f3n de los analistas con un potente reconocimiento de patrones para ayudar de forma mensurable a los inversores a participar en los mercados financieros.<\/p>\n\t\t\t\t\t\t\t\t<\/div>\n\t\t\t\t<\/div>\n\t\t\t\t<div class=\"elementor-element elementor-element-f83119a elementor-widget elementor-widget-heading\" data-id=\"f83119a\" data-element_type=\"widget\" data-widget_type=\"heading.default\">\n\t\t\t\t<div class=\"elementor-widget-container\">\n\t\t\t\t\t<h2 class=\"elementor-heading-title elementor-size-default\">Apoyar a los inversores de hoy mediante la innovaci\u00f3n<\/h2>\t\t\t\t<\/div>\n\t\t\t\t<\/div>\n\t\t\t\t<div class=\"elementor-element elementor-element-c55437d elementor-widget elementor-widget-text-editor\" data-id=\"c55437d\" data-element_type=\"widget\" data-widget_type=\"text-editor.default\">\n\t\t\t\t<div class=\"elementor-widget-container\">\n\t\t\t\t\t\t\t\t\t<ul class=\"list no-margin\">\n<li>Asesor de inversiones registrado y galardonado<\/li>\n<li>Opini\u00f3n independiente del equipo de investigaci\u00f3n global<\/li>\n<li>Una experiencia educativa y transparente \u00fanica<\/li>\n<li>Ideas comerciales automatizadas y personalizadas<\/li>\n<li>Combinaci\u00f3n de an\u00e1lisis t\u00e9cnico y fundamental<\/li>\n<li class=\"no-margin\">Integraci\u00f3n llave en mano y soluciones m\u00f3viles<\/li>\n<\/ul>\n\t\t\t\t\t\t\t\t<\/div>\n\t\t\t\t<\/div>\n\t\t\t\t<\/div>\n\t\t\t\t\t<\/div>\n\t\t\t\t<\/div>\n\t\t\t\t<\/div>\n\t\t","protected":false},"excerpt":{"rendered":"<p>Home Cobertura multiactivos 24H Nuestra s\u00f3lida cobertura de m\u00e1s de 75.000 instrumentos ayuda a los inversores a ampliar sus estrategias de negociaci\u00f3n y diversificar sus carteras. Reconocimiento de patrones patentado Nuestros an\u00e1lisis t\u00e9cnicos y fundamentales ayudan a optimizar las estrategias de negociaci\u00f3n con sencillas alertas, pruebas retrospectivas y filtros personalizables. Segunda opini\u00f3n independiente Como asesores [&hellip;]<\/p>\n","protected":false},"author":3,"featured_media":0,"parent":0,"menu_order":0,"comment_status":"closed","ping_status":"closed","template":"","meta":{"footnotes":""},"class_list":["post-9859","page","type-page","status-publish","hentry"],"_links":{"self":[{"href":"https:\/\/blumbergtrade.net\/es\/wp-json\/wp\/v2\/pages\/9859","targetHints":{"allow":["GET"]}}],"collection":[{"href":"https:\/\/blumbergtrade.net\/es\/wp-json\/wp\/v2\/pages"}],"about":[{"href":"https:\/\/blumbergtrade.net\/es\/wp-json\/wp\/v2\/types\/page"}],"author":[{"embeddable":true,"href":"https:\/\/blumbergtrade.net\/es\/wp-json\/wp\/v2\/users\/3"}],"replies":[{"embeddable":true,"href":"https:\/\/blumbergtrade.net\/es\/wp-json\/wp\/v2\/comments?post=9859"}],"version-history":[{"count":1,"href":"https:\/\/blumbergtrade.net\/es\/wp-json\/wp\/v2\/pages\/9859\/revisions"}],"predecessor-version":[{"id":9860,"href":"https:\/\/blumbergtrade.net\/es\/wp-json\/wp\/v2\/pages\/9859\/revisions\/9860"}],"wp:attachment":[{"href":"https:\/\/blumbergtrade.net\/es\/wp-json\/wp\/v2\/media?parent=9859"}],"curies":[{"name":"wp","href":"https:\/\/api.w.org\/{rel}","templated":true}]}}