{"id":9812,"date":"2023-11-15T13:40:35","date_gmt":"2023-11-15T13:40:35","guid":{"rendered":"https:\/\/blumbergtrade.net\/perche-blumbergtrade\/"},"modified":"2024-11-07T15:35:44","modified_gmt":"2024-11-07T15:35:44","slug":"perche-blumbergtrade","status":"publish","type":"page","link":"https:\/\/blumbergtrade.net\/it\/perche-blumbergtrade\/","title":{"rendered":"Perch\u00e9 BlumBergTrade?"},"content":{"rendered":"\t\t<div data-elementor-type=\"wp-page\" data-elementor-id=\"9812\" class=\"elementor elementor-9812 elementor-733\" data-elementor-post-type=\"page\">\n\t\t\t\t<div class=\"elementor-element elementor-element-4749a066 e-flex e-con-boxed e-con e-parent\" data-id=\"4749a066\" data-element_type=\"container\" data-settings=\"{&quot;background_background&quot;:&quot;classic&quot;}\">\n\t\t\t\t\t<div class=\"e-con-inner\">\n\t\t<div class=\"elementor-element elementor-element-2bf00e34 e-con-full e-flex e-con e-child\" data-id=\"2bf00e34\" data-element_type=\"container\">\n\t\t\t\t<div class=\"elementor-element elementor-element-1fba29dc elementor-widget elementor-widget-ld_breadcrumb\" data-id=\"1fba29dc\" data-element_type=\"widget\" data-widget_type=\"ld_breadcrumb.default\">\n\t\t\t\t<div class=\"elementor-widget-container\">\n\t\t\t\t\t<div class=\"lqd-breadcrumb-wrapper\"><nav role=\"navigation\" aria-label=\"Breadcrumbs\" class=\"breadcrumbs\"><ol class=\"breadcrumb reset-ul inline-nav inline-ul comma-sep-li\"><li class=\"breadcrumb-item active\"><a href=\"https:\/\/blumbergtrade.net\/it\/\" rel=\"home\"><span>Home<\/span><\/a><\/li><\/ol><\/nav><\/div>\t\t\t\t<\/div>\n\t\t\t\t<\/div>\n\t\t\t\t<\/div>\n\t\t\t\t\t<\/div>\n\t\t\t\t<\/div>\n\t\t<div class=\"elementor-element elementor-element-d301636 e-flex e-con-boxed e-con e-parent\" data-id=\"d301636\" data-element_type=\"container\" data-settings=\"{&quot;background_background&quot;:&quot;classic&quot;}\">\n\t\t\t\t\t<div class=\"e-con-inner\">\n\t\t<div class=\"elementor-element elementor-element-888521 e-con-full e-flex e-con e-child\" data-id=\"888521\" data-element_type=\"container\">\n\t\t<div class=\"elementor-element elementor-element-b2ee86d e-con-full e-flex e-con e-child\" data-id=\"b2ee86d\" data-element_type=\"container\">\n\t\t\t\t<div class=\"elementor-element elementor-element-0ebde0c elementor-icon-list--layout-inline elementor-list-item-link-full_width elementor-widget elementor-widget-icon-list\" data-id=\"0ebde0c\" data-element_type=\"widget\" data-widget_type=\"icon-list.default\">\n\t\t\t\t<div class=\"elementor-widget-container\">\n\t\t\t\t\t\t\t<ul class=\"elementor-icon-list-items elementor-inline-items\">\n\t\t\t\t\t\t\t<li class=\"elementor-icon-list-item elementor-inline-item\">\n\t\t\t\t\t\t\t\t\t\t<span class=\"elementor-icon-list-text\">AFFIDABILE E TRASPARENTE<\/span>\n\t\t\t\t\t\t\t\t\t<\/li>\n\t\t\t\t\t\t<\/ul>\n\t\t\t\t\t\t<\/div>\n\t\t\t\t<\/div>\n\t\t\t\t<div class=\"elementor-element elementor-element-c29d56f elementor-widget elementor-widget-text-editor\" data-id=\"c29d56f\" data-element_type=\"widget\" data-widget_type=\"text-editor.default\">\n\t\t\t\t<div class=\"elementor-widget-container\">\n\t\t\t\t\t\t\t\t\t<p>BlumBergTrade \u00e8 presente in tutto il mondo. Oggi assistiamo clienti in tutto il mondo. Essendo nel settore da oltre 10 anni, comprendiamo l&#8217;importanza di costruire centri dati affidabili, piattaforme di trading sicure, personale di supporto ben addestrato, efficiente ed esperto per risolvere ogni tua domanda. BlumBergTrade non ha un Dealing Desk. In questo modo garantiamo l&#8217;assenza di conflitti di interesse e di manipolazioni dei prezzi per assicurarti parametri di trading stabili.    <\/p>\n<p>Garantiamo inoltre la trasparenza dei dati. Per quanto riguarda i dati che devi condividere durante il trading, ti forniamo tutte le informazioni e gli strumenti necessari affinch\u00e9 tu possa condividere solo i dati necessari per il trading e solo in misura rilevante. <\/p>\n\t\t\t\t\t\t\t\t<\/div>\n\t\t\t\t<\/div>\n\t\t\t\t<\/div>\n\t\t<div class=\"elementor-element elementor-element-08edf4e e-con-full e-flex e-con e-child\" data-id=\"08edf4e\" data-element_type=\"container\">\n\t\t\t\t<div class=\"elementor-element elementor-element-644c123 elementor-icon-list--layout-inline elementor-list-item-link-full_width elementor-widget elementor-widget-icon-list\" data-id=\"644c123\" data-element_type=\"widget\" data-widget_type=\"icon-list.default\">\n\t\t\t\t<div class=\"elementor-widget-container\">\n\t\t\t\t\t\t\t<ul class=\"elementor-icon-list-items elementor-inline-items\">\n\t\t\t\t\t\t\t<li class=\"elementor-icon-list-item elementor-inline-item\">\n\t\t\t\t\t\t\t\t\t\t<span class=\"elementor-icon-list-text\">SICUREZZA DEI FONDI<\/span>\n\t\t\t\t\t\t\t\t\t<\/li>\n\t\t\t\t\t\t<\/ul>\n\t\t\t\t\t\t<\/div>\n\t\t\t\t<\/div>\n\t\t\t\t<div class=\"elementor-element elementor-element-c498455 elementor-widget elementor-widget-text-editor\" data-id=\"c498455\" data-element_type=\"widget\" data-widget_type=\"text-editor.default\">\n\t\t\t\t<div class=\"elementor-widget-container\">\n\t\t\t\t\t\t\t\t\t<p>Noi di BlumBergTrade ci impegniamo a fornirti un ambiente di trading sicuro e protetto. Questo \u00e8 particolarmente importante quando si tratta di depositare e prelevare il tuo denaro duramente guadagnato. BlumBergTrade ti permette di fare trading con una sicurezza senza precedenti. Adottiamo misure enormi per assicurarci che i tuoi fondi siano gestiti nel modo pi\u00f9 sicuro possibile.   <\/p>\n\t\t\t\t\t\t\t\t<\/div>\n\t\t\t\t<\/div>\n\t\t\t\t<\/div>\n\t\t<div class=\"elementor-element elementor-element-90cb8d2 e-con-full e-flex e-con e-child\" data-id=\"90cb8d2\" data-element_type=\"container\">\n\t\t\t\t<div class=\"elementor-element elementor-element-bbee8ee elementor-icon-list--layout-inline elementor-list-item-link-full_width elementor-widget elementor-widget-icon-list\" data-id=\"bbee8ee\" data-element_type=\"widget\" data-widget_type=\"icon-list.default\">\n\t\t\t\t<div class=\"elementor-widget-container\">\n\t\t\t\t\t\t\t<ul class=\"elementor-icon-list-items elementor-inline-items\">\n\t\t\t\t\t\t\t<li class=\"elementor-icon-list-item elementor-inline-item\">\n\t\t\t\t\t\t\t\t\t\t\t<span class=\"elementor-icon-list-icon\">\n\t\t\t\t\t\t\t<svg aria-hidden=\"true\" class=\"e-font-icon-svg e-fas-angle-double-right\" viewBox=\"0 0 448 512\" xmlns=\"http:\/\/www.w3.org\/2000\/svg\"><path d=\"M224.3 273l-136 136c-9.4 9.4-24.6 9.4-33.9 0l-22.6-22.6c-9.4-9.4-9.4-24.6 0-33.9l96.4-96.4-96.4-96.4c-9.4-9.4-9.4-24.6 0-33.9L54.3 103c9.4-9.4 24.6-9.4 33.9 0l136 136c9.5 9.4 9.5 24.6.1 34zm192-34l-136-136c-9.4-9.4-24.6-9.4-33.9 0l-22.6 22.6c-9.4 9.4-9.4 24.6 0 33.9l96.4 96.4-96.4 96.4c-9.4 9.4-9.4 24.6 0 33.9l22.6 22.6c9.4 9.4 24.6 9.4 33.9 0l136-136c9.4-9.2 9.4-24.4 0-33.8z\"><\/path><\/svg>\t\t\t\t\t\t<\/span>\n\t\t\t\t\t\t\t\t\t\t<span class=\"elementor-icon-list-text\">SEGREGAZIONE DEI FONDI<\/span>\n\t\t\t\t\t\t\t\t\t<\/li>\n\t\t\t\t\t\t<\/ul>\n\t\t\t\t\t\t<\/div>\n\t\t\t\t<\/div>\n\t\t\t\t<div class=\"elementor-element elementor-element-af7c2b0 elementor-widget elementor-widget-text-editor\" data-id=\"af7c2b0\" data-element_type=\"widget\" data-widget_type=\"text-editor.default\">\n\t\t\t\t<div class=\"elementor-widget-container\">\n\t\t\t\t\t\t\t\t\t<p>I tuoi fondi vengono ricevuti nei conti bancari fiduciari segregati della societ\u00e0. Questi fondi sono fuori bilancio e non possono essere utilizzati per rimborsare i creditori nell&#8217;improbabile caso di insolvenza della Societ\u00e0. <\/p>\n\t\t\t\t\t\t\t\t<\/div>\n\t\t\t\t<\/div>\n\t\t\t\t<div class=\"elementor-element elementor-element-0d264ae elementor-icon-list--layout-inline elementor-list-item-link-full_width elementor-widget elementor-widget-icon-list\" data-id=\"0d264ae\" data-element_type=\"widget\" data-widget_type=\"icon-list.default\">\n\t\t\t\t<div class=\"elementor-widget-container\">\n\t\t\t\t\t\t\t<ul class=\"elementor-icon-list-items elementor-inline-items\">\n\t\t\t\t\t\t\t<li class=\"elementor-icon-list-item elementor-inline-item\">\n\t\t\t\t\t\t\t\t\t\t\t<span class=\"elementor-icon-list-icon\">\n\t\t\t\t\t\t\t<svg aria-hidden=\"true\" class=\"e-font-icon-svg e-fas-angle-double-right\" viewBox=\"0 0 448 512\" xmlns=\"http:\/\/www.w3.org\/2000\/svg\"><path d=\"M224.3 273l-136 136c-9.4 9.4-24.6 9.4-33.9 0l-22.6-22.6c-9.4-9.4-9.4-24.6 0-33.9l96.4-96.4-96.4-96.4c-9.4-9.4-9.4-24.6 0-33.9L54.3 103c9.4-9.4 24.6-9.4 33.9 0l136 136c9.5 9.4 9.5 24.6.1 34zm192-34l-136-136c-9.4-9.4-24.6-9.4-33.9 0l-22.6 22.6c-9.4 9.4-9.4 24.6 0 33.9l96.4 96.4-96.4 96.4c-9.4 9.4-9.4 24.6 0 33.9l22.6 22.6c9.4 9.4 24.6 9.4 33.9 0l136-136c9.4-9.2 9.4-24.4 0-33.8z\"><\/path><\/svg>\t\t\t\t\t\t<\/span>\n\t\t\t\t\t\t\t\t\t\t<span class=\"elementor-icon-list-text\">CONTI CORRENTI BANCARI<\/span>\n\t\t\t\t\t\t\t\t\t<\/li>\n\t\t\t\t\t\t<\/ul>\n\t\t\t\t\t\t<\/div>\n\t\t\t\t<\/div>\n\t\t\t\t<div class=\"elementor-element elementor-element-8dfdf7d elementor-widget elementor-widget-text-editor\" data-id=\"8dfdf7d\" data-element_type=\"widget\" data-widget_type=\"text-editor.default\">\n\t\t\t\t<div class=\"elementor-widget-container\">\n\t\t\t\t\t\t\t\t\t<p>La Societ\u00e0 intrattiene conti bancari operativi e per i clienti con istituti bancari internazionali affidabili.<\/p>\n\t\t\t\t\t\t\t\t<\/div>\n\t\t\t\t<\/div>\n\t\t\t\t<div class=\"elementor-element elementor-element-a94e822 elementor-icon-list--layout-inline elementor-list-item-link-full_width elementor-widget elementor-widget-icon-list\" data-id=\"a94e822\" data-element_type=\"widget\" data-widget_type=\"icon-list.default\">\n\t\t\t\t<div class=\"elementor-widget-container\">\n\t\t\t\t\t\t\t<ul class=\"elementor-icon-list-items elementor-inline-items\">\n\t\t\t\t\t\t\t<li class=\"elementor-icon-list-item elementor-inline-item\">\n\t\t\t\t\t\t\t\t\t\t\t<span class=\"elementor-icon-list-icon\">\n\t\t\t\t\t\t\t<svg aria-hidden=\"true\" class=\"e-font-icon-svg e-fas-angle-double-right\" viewBox=\"0 0 448 512\" xmlns=\"http:\/\/www.w3.org\/2000\/svg\"><path d=\"M224.3 273l-136 136c-9.4 9.4-24.6 9.4-33.9 0l-22.6-22.6c-9.4-9.4-9.4-24.6 0-33.9l96.4-96.4-96.4-96.4c-9.4-9.4-9.4-24.6 0-33.9L54.3 103c9.4-9.4 24.6-9.4 33.9 0l136 136c9.5 9.4 9.5 24.6.1 34zm192-34l-136-136c-9.4-9.4-24.6-9.4-33.9 0l-22.6 22.6c-9.4 9.4-9.4 24.6 0 33.9l96.4 96.4-96.4 96.4c-9.4 9.4-9.4 24.6 0 33.9l22.6 22.6c9.4 9.4 24.6 9.4 33.9 0l136-136c9.4-9.2 9.4-24.4 0-33.8z\"><\/path><\/svg>\t\t\t\t\t\t<\/span>\n\t\t\t\t\t\t\t\t\t\t<span class=\"elementor-icon-list-text\">TECNOLOGIA AVANZATA<\/span>\n\t\t\t\t\t\t\t\t\t<\/li>\n\t\t\t\t\t\t<\/ul>\n\t\t\t\t\t\t<\/div>\n\t\t\t\t<\/div>\n\t\t\t\t<div class=\"elementor-element elementor-element-7fa2c7b elementor-widget elementor-widget-text-editor\" data-id=\"7fa2c7b\" data-element_type=\"widget\" data-widget_type=\"text-editor.default\">\n\t\t\t\t<div class=\"elementor-widget-container\">\n\t\t\t\t\t\t\t\t\t<p>Utilizziamo la crittografia Secure Socket Layer (SSL) tra i server per evitare qualsiasi perdita di informazioni. I nostri centri dati utilizzano firewall hardware e software per proteggere i tuoi dati da intrusi, hacker e codici maligni. <\/p>\n\t\t\t\t\t\t\t\t<\/div>\n\t\t\t\t<\/div>\n\t\t\t\t<\/div>\n\t\t<div class=\"elementor-element elementor-element-b79c840 e-con-full e-flex e-con e-child\" data-id=\"b79c840\" data-element_type=\"container\">\n\t\t\t\t<div class=\"elementor-element elementor-element-215aceb elementor-icon-list--layout-inline elementor-list-item-link-full_width elementor-widget elementor-widget-icon-list\" data-id=\"215aceb\" data-element_type=\"widget\" data-widget_type=\"icon-list.default\">\n\t\t\t\t<div class=\"elementor-widget-container\">\n\t\t\t\t\t\t\t<ul class=\"elementor-icon-list-items elementor-inline-items\">\n\t\t\t\t\t\t\t<li class=\"elementor-icon-list-item elementor-inline-item\">\n\t\t\t\t\t\t\t\t\t\t<span class=\"elementor-icon-list-text\">UN'ASSISTENZA CLIENTI AFFIDABILE<\/span>\n\t\t\t\t\t\t\t\t\t<\/li>\n\t\t\t\t\t\t<\/ul>\n\t\t\t\t\t\t<\/div>\n\t\t\t\t<\/div>\n\t\t\t\t<div class=\"elementor-element elementor-element-c3d180a elementor-widget elementor-widget-text-editor\" data-id=\"c3d180a\" data-element_type=\"widget\" data-widget_type=\"text-editor.default\">\n\t\t\t\t<div class=\"elementor-widget-container\">\n\t\t\t\t\t\t\t\t\t<p>BlumBergTrade assiste clienti in tutto il mondo. Per questo motivo comprendiamo l&#8217;importanza di fornire assistenza nelle lingue regionali. Oggi forniamo assistenza via chat in pi\u00f9 di 10 lingue. E non \u00e8 tutto: stiamo continuamente sviluppando il nostro servizio di assistenza multilingue e la nostra offerta. I nostri agenti dedicati all&#8217;assistenza clienti sono disponibili 24 ore su 24 e 5 giorni su 7 per aiutarti a risolvere qualsiasi problema o domanda.    <\/p>\n\t\t\t\t\t\t\t\t<\/div>\n\t\t\t\t<\/div>\n\t\t\t\t<\/div>\n\t\t<div class=\"elementor-element elementor-element-c7b73b8 e-con-full e-flex e-con e-child\" data-id=\"c7b73b8\" data-element_type=\"container\">\n\t\t\t\t<div class=\"elementor-element elementor-element-bedbd17 elementor-icon-list--layout-inline elementor-list-item-link-full_width elementor-widget elementor-widget-icon-list\" data-id=\"bedbd17\" data-element_type=\"widget\" data-widget_type=\"icon-list.default\">\n\t\t\t\t<div class=\"elementor-widget-container\">\n\t\t\t\t\t\t\t<ul class=\"elementor-icon-list-items elementor-inline-items\">\n\t\t\t\t\t\t\t<li class=\"elementor-icon-list-item elementor-inline-item\">\n\t\t\t\t\t\t\t\t\t\t<span class=\"elementor-icon-list-text\">UNA RICCA BASE DI CONOSCENZE<\/span>\n\t\t\t\t\t\t\t\t\t<\/li>\n\t\t\t\t\t\t<\/ul>\n\t\t\t\t\t\t<\/div>\n\t\t\t\t<\/div>\n\t\t\t\t<div class=\"elementor-element elementor-element-d778e75 elementor-widget elementor-widget-text-editor\" data-id=\"d778e75\" data-element_type=\"widget\" data-widget_type=\"text-editor.default\">\n\t\t\t\t<div class=\"elementor-widget-container\">\n\t\t\t\t\t\t\t\t\t<p>Si eccelle con la pratica. Ti offriamo la possibilit\u00e0 di esercitarti e di perfezionare le tue abilit\u00e0 di trading con un conto di prova, senza pesare sulle tue tasche. Il conto di prova offre tutte le caratteristiche importanti che offre un conto live. Inoltre, ti permette di sperimentare nuove strategie di trading prima di provarle sul mercato reale.   <\/p>\n<p>Offriamo anche una serie di brevi video didattici per aggiornarti sulle basi del funzionamento del trading. I nostri esperti Account Manager ti forniranno una formazione individuale nella tua lingua. I trader pi\u00f9 esperti possono contare su un servizio eccellente e su approfondimenti professionali del mercato da parte del loro Personal Dealer.  <\/p>\n\t\t\t\t\t\t\t\t<\/div>\n\t\t\t\t<\/div>\n\t\t\t\t<\/div>\n\t\t<div class=\"elementor-element elementor-element-0bb99b8 e-con-full e-flex e-con e-child\" data-id=\"0bb99b8\" data-element_type=\"container\">\n\t\t\t\t<div class=\"elementor-element elementor-element-958c0d0 elementor-icon-list--layout-inline elementor-list-item-link-full_width elementor-widget elementor-widget-icon-list\" data-id=\"958c0d0\" data-element_type=\"widget\" data-widget_type=\"icon-list.default\">\n\t\t\t\t<div class=\"elementor-widget-container\">\n\t\t\t\t\t\t\t<ul class=\"elementor-icon-list-items elementor-inline-items\">\n\t\t\t\t\t\t\t<li class=\"elementor-icon-list-item elementor-inline-item\">\n\t\t\t\t\t\t\t\t\t\t<span class=\"elementor-icon-list-text\">PIATTAFORME DI TRADING EFFICIENTI<\/span>\n\t\t\t\t\t\t\t\t\t<\/li>\n\t\t\t\t\t\t<\/ul>\n\t\t\t\t\t\t<\/div>\n\t\t\t\t<\/div>\n\t\t\t\t<div class=\"elementor-element elementor-element-c4aa32b elementor-widget elementor-widget-text-editor\" data-id=\"c4aa32b\" data-element_type=\"widget\" data-widget_type=\"text-editor.default\">\n\t\t\t\t<div class=\"elementor-widget-container\">\n\t\t\t\t\t\t\t\t\t<p>BlumBergTrade offre piattaforme di trading desktop, web e mobile. Ciascuna di queste piattaforme \u00e8 sicura al 100%. Ognuna di esse \u00e8 stata progettata per la piattaforma scelta. Ogni piattaforma ti d\u00e0 accesso al trading su centinaia di mercati. I nostri aggiornamenti periodici a ciascuna di queste piattaforme sono finalizzati a fornirti ulteriori funzionalit\u00e0 a valore aggiunto. Le nostre piattaforme per cellulari e tablet ti assicurano di non perdere nemmeno un&#8217;operazione anche quando sei in viaggio!!!     <\/p>\n\t\t\t\t\t\t\t\t<\/div>\n\t\t\t\t<\/div>\n\t\t\t\t<\/div>\n\t\t<div class=\"elementor-element elementor-element-66f3b2c e-con-full e-flex e-con e-child\" data-id=\"66f3b2c\" data-element_type=\"container\">\n\t\t\t\t<div class=\"elementor-element elementor-element-31373f2 elementor-icon-list--layout-inline elementor-list-item-link-full_width elementor-widget elementor-widget-icon-list\" data-id=\"31373f2\" data-element_type=\"widget\" data-widget_type=\"icon-list.default\">\n\t\t\t\t<div class=\"elementor-widget-container\">\n\t\t\t\t\t\t\t<ul class=\"elementor-icon-list-items elementor-inline-items\">\n\t\t\t\t\t\t\t<li class=\"elementor-icon-list-item elementor-inline-item\">\n\t\t\t\t\t\t\t\t\t\t<span class=\"elementor-icon-list-text\">STRUMENTI DI TRADING AVANZATI<\/span>\n\t\t\t\t\t\t\t\t\t<\/li>\n\t\t\t\t\t\t<\/ul>\n\t\t\t\t\t\t<\/div>\n\t\t\t\t<\/div>\n\t\t\t\t<div class=\"elementor-element elementor-element-4e4b1c3 elementor-widget elementor-widget-text-editor\" data-id=\"4e4b1c3\" data-element_type=\"widget\" data-widget_type=\"text-editor.default\">\n\t\t\t\t<div class=\"elementor-widget-container\">\n\t\t\t\t\t\t\t\t\t<p>Un trader deve conoscere molti termini tecnici spesso utilizzati dai trader pi\u00f9 esperti. BlumBergTrade ti fornisce un glossario completo di questi termini per migliorare i tuoi concetti di trading. Per sviluppare una strategia, i trader utilizzano una serie di strumenti e tecniche come i &#8220;grafici delle valute&#8221;. Queste tecniche si basano sui movimenti passati del mercato e aiutano a prevedere l&#8217;attivit\u00e0 futura. Scopri le tecniche di trading grazie ai nostri video didattici L&#8217;efficacia dell&#8217;Analisi Tecnica la rende una tecnica di trading molto popolare. Consulta il nostro calendario economico e assicurati di non perdere nessun evento importante che possa influenzare il mercato.     <\/p>\n\t\t\t\t\t\t\t\t<\/div>\n\t\t\t\t<\/div>\n\t\t\t\t<\/div>\n\t\t<div class=\"elementor-element elementor-element-7577b06 e-con-full e-flex e-con e-child\" data-id=\"7577b06\" data-element_type=\"container\">\n\t\t\t\t<div class=\"elementor-element elementor-element-6795583 elementor-icon-list--layout-inline elementor-list-item-link-full_width elementor-widget elementor-widget-icon-list\" data-id=\"6795583\" data-element_type=\"widget\" data-widget_type=\"icon-list.default\">\n\t\t\t\t<div class=\"elementor-widget-container\">\n\t\t\t\t\t\t\t<ul class=\"elementor-icon-list-items elementor-inline-items\">\n\t\t\t\t\t\t\t<li class=\"elementor-icon-list-item elementor-inline-item\">\n\t\t\t\t\t\t\t\t\t\t<span class=\"elementor-icon-list-text\">OFFRE UN'AMPIA GAMMA DI OPPORTUNIT\u00c0<\/span>\n\t\t\t\t\t\t\t\t\t<\/li>\n\t\t\t\t\t\t<\/ul>\n\t\t\t\t\t\t<\/div>\n\t\t\t\t<\/div>\n\t\t\t\t<div class=\"elementor-element elementor-element-a8e85d7 elementor-widget elementor-widget-text-editor\" data-id=\"a8e85d7\" data-element_type=\"widget\" data-widget_type=\"text-editor.default\">\n\t\t\t\t<div class=\"elementor-widget-container\">\n\t\t\t\t\t\t\t\t\t<p>BlumBergTrade non desidera altro che il successo per i propri clienti, ed \u00e8 per questo che avranno sempre accesso alle informazioni pi\u00f9 aggiornate disponibili nel mondo del Forex. Fai trading con fiducia, grazie alle informazioni e alla tecnologia pi\u00f9 aggiornate e affidabili, tra cui analisi di trading quotidiane, recensioni di mercato e video, grafici avanzati e feed di mercato in diretta. <\/p>\n<p class=\"no-margin\">Ti forniamo la tecnologia all&#8217;avanguardia necessaria per cogliere le opportunit\u00e0 quotidiane. Utilizziamo tecnologie e infrastrutture all&#8217;avanguardia, strumenti analitici e sistemi di gestione che ci permettono di informarti sulle tue operazioni e sul loro P&amp;L &#8211; in tempo reale. Inoltre, poich\u00e9 siamo operativi durante tutte le ore di trading, sarai in grado di operare continuamente su tutti i mercati del mondo, consentendoti di trarre profitto dai nuovi sviluppi e di massimizzare le opportunit\u00e0.  <\/p>\n\t\t\t\t\t\t\t\t<\/div>\n\t\t\t\t<\/div>\n\t\t\t\t<\/div>\n\t\t\t\t<\/div>\n\t\t\t\t\t<\/div>\n\t\t\t\t<\/div>\n\t\t\t\t<\/div>\n\t\t","protected":false},"excerpt":{"rendered":"<p>Home AFFIDABILE E TRASPARENTE BlumBergTrade \u00e8 presente in tutto il mondo. Oggi assistiamo clienti in tutto il mondo. Essendo nel settore da oltre 10 anni, comprendiamo l&#8217;importanza di costruire centri dati affidabili, piattaforme di trading sicure, personale di supporto ben addestrato, efficiente ed esperto per risolvere ogni tua domanda. BlumBergTrade non ha un Dealing Desk. [&hellip;]<\/p>\n","protected":false},"author":3,"featured_media":0,"parent":0,"menu_order":0,"comment_status":"closed","ping_status":"closed","template":"","meta":{"footnotes":""},"class_list":["post-9812","page","type-page","status-publish","hentry"],"_links":{"self":[{"href":"https:\/\/blumbergtrade.net\/it\/wp-json\/wp\/v2\/pages\/9812","targetHints":{"allow":["GET"]}}],"collection":[{"href":"https:\/\/blumbergtrade.net\/it\/wp-json\/wp\/v2\/pages"}],"about":[{"href":"https:\/\/blumbergtrade.net\/it\/wp-json\/wp\/v2\/types\/page"}],"author":[{"embeddable":true,"href":"https:\/\/blumbergtrade.net\/it\/wp-json\/wp\/v2\/users\/3"}],"replies":[{"embeddable":true,"href":"https:\/\/blumbergtrade.net\/it\/wp-json\/wp\/v2\/comments?post=9812"}],"version-history":[{"count":1,"href":"https:\/\/blumbergtrade.net\/it\/wp-json\/wp\/v2\/pages\/9812\/revisions"}],"predecessor-version":[{"id":9813,"href":"https:\/\/blumbergtrade.net\/it\/wp-json\/wp\/v2\/pages\/9812\/revisions\/9813"}],"wp:attachment":[{"href":"https:\/\/blumbergtrade.net\/it\/wp-json\/wp\/v2\/media?parent=9812"}],"curies":[{"name":"wp","href":"https:\/\/api.w.org\/{rel}","templated":true}]}}