{"id":9836,"date":"2023-11-15T13:39:36","date_gmt":"2023-11-15T13:39:36","guid":{"rendered":"https:\/\/blumbergtrade.net\/verifica-kyc\/"},"modified":"2024-11-07T15:44:04","modified_gmt":"2024-11-07T15:44:04","slug":"verifica-kyc","status":"publish","type":"page","link":"https:\/\/blumbergtrade.net\/it\/verifica-kyc\/","title":{"rendered":"Verifica KYC"},"content":{"rendered":"\t\t<div data-elementor-type=\"wp-page\" data-elementor-id=\"9836\" class=\"elementor elementor-9836 elementor-719\" data-elementor-post-type=\"page\">\n\t\t\t\t<div class=\"elementor-element elementor-element-4cd14c36 e-flex e-con-boxed e-con e-parent\" data-id=\"4cd14c36\" data-element_type=\"container\" data-settings=\"{&quot;background_background&quot;:&quot;classic&quot;}\">\n\t\t\t\t\t<div class=\"e-con-inner\">\n\t\t<div class=\"elementor-element elementor-element-3ab0cc64 e-con-full e-flex e-con e-child\" data-id=\"3ab0cc64\" data-element_type=\"container\">\n\t\t\t\t<div class=\"elementor-element elementor-element-50250563 elementor-widget elementor-widget-ld_breadcrumb\" data-id=\"50250563\" data-element_type=\"widget\" data-widget_type=\"ld_breadcrumb.default\">\n\t\t\t\t<div class=\"elementor-widget-container\">\n\t\t\t\t\t<div class=\"lqd-breadcrumb-wrapper\"><nav role=\"navigation\" aria-label=\"Breadcrumbs\" class=\"breadcrumbs\"><ol class=\"breadcrumb reset-ul inline-nav inline-ul comma-sep-li\"><li class=\"breadcrumb-item active\"><a href=\"https:\/\/blumbergtrade.net\/it\/\" rel=\"home\"><span>Home<\/span><\/a><\/li><\/ol><\/nav><\/div>\t\t\t\t<\/div>\n\t\t\t\t<\/div>\n\t\t\t\t<\/div>\n\t\t\t\t\t<\/div>\n\t\t\t\t<\/div>\n\t\t<div class=\"elementor-element elementor-element-62d8187e e-flex e-con-boxed e-con e-parent\" data-id=\"62d8187e\" data-element_type=\"container\" data-settings=\"{&quot;background_background&quot;:&quot;classic&quot;}\">\n\t\t\t\t\t<div class=\"e-con-inner\">\n\t\t<div class=\"elementor-element elementor-element-34de699d e-con-full e-flex e-con e-child\" data-id=\"34de699d\" data-element_type=\"container\">\n\t\t<div class=\"elementor-element elementor-element-73adc85 e-flex e-con-boxed e-con e-child\" data-id=\"73adc85\" data-element_type=\"container\">\n\t\t\t\t\t<div class=\"e-con-inner\">\n\t\t\t\t<div class=\"elementor-element elementor-element-07d71b3 elementor-widget elementor-widget-image\" data-id=\"07d71b3\" data-element_type=\"widget\" data-widget_type=\"image.default\">\n\t\t\t\t<div class=\"elementor-widget-container\">\n\t\t\t\t\t\t\t\t\t\t\t\t\t\t\t<img fetchpriority=\"high\" decoding=\"async\" width=\"430\" height=\"276\" src=\"https:\/\/blumbergtrade.net\/wp-content\/uploads\/2023\/11\/Real-time-Identity.jpg\" class=\"attachment-medium_large size-medium_large wp-image-9201\" alt=\"\" srcset=\"https:\/\/blumbergtrade.net\/wp-content\/uploads\/2023\/11\/Real-time-Identity.jpg 430w, https:\/\/blumbergtrade.net\/wp-content\/uploads\/2023\/11\/Real-time-Identity-300x193.jpg 300w\" sizes=\"(max-width: 430px) 100vw, 430px\" \/>\t\t\t\t\t\t\t\t\t\t\t\t\t\t\t<\/div>\n\t\t\t\t<\/div>\n\t\t\t\t\t<\/div>\n\t\t\t\t<\/div>\n\t\t<div class=\"elementor-element elementor-element-1901038 e-flex e-con-boxed e-con e-child\" data-id=\"1901038\" data-element_type=\"container\">\n\t\t\t\t\t<div class=\"e-con-inner\">\n\t\t\t\t<div class=\"elementor-element elementor-element-088cced elementor-widget elementor-widget-heading\" data-id=\"088cced\" data-element_type=\"widget\" data-widget_type=\"heading.default\">\n\t\t\t\t<div class=\"elementor-widget-container\">\n\t\t\t\t\t<h2 class=\"elementor-heading-title elementor-size-default\">IDENTIT\u00c0 IN TEMPO REALE<\/h2>\t\t\t\t<\/div>\n\t\t\t\t<\/div>\n\t\t\t\t<div class=\"elementor-element elementor-element-f40ae82 elementor-widget elementor-widget-heading\" data-id=\"f40ae82\" data-element_type=\"widget\" data-widget_type=\"heading.default\">\n\t\t\t\t<div class=\"elementor-widget-container\">\n\t\t\t\t\t<h2 class=\"elementor-heading-title elementor-size-default\">Servizi di verifica<\/h2>\t\t\t\t<\/div>\n\t\t\t\t<\/div>\n\t\t\t\t<div class=\"elementor-element elementor-element-bbb476e elementor-widget elementor-widget-text-editor\" data-id=\"bbb476e\" data-element_type=\"widget\" data-widget_type=\"text-editor.default\">\n\t\t\t\t<div class=\"elementor-widget-container\">\n\t\t\t\t\t\t\t\t\t<p>Conoscere l&#8217;identit\u00e0 dei tuoi clienti elimina rischi, frodi online e crimini finanziari. Verifica selfie, documenti d&#8217;identit\u00e0 e Mobile 2FA da qualsiasi luogo in soli 30 secondi. <\/p>\n\t\t\t\t\t\t\t\t<\/div>\n\t\t\t\t<\/div>\n\t\t\t\t\t<\/div>\n\t\t\t\t<\/div>\n\t\t\t\t<\/div>\n\t\t<div class=\"elementor-element elementor-element-60ac33e e-con-full e-flex e-con e-child\" data-id=\"60ac33e\" data-element_type=\"container\">\n\t\t<div class=\"elementor-element elementor-element-82745f7 e-flex e-con-boxed e-con e-child\" data-id=\"82745f7\" data-element_type=\"container\">\n\t\t\t\t\t<div class=\"e-con-inner\">\n\t\t\t\t<div class=\"elementor-element elementor-element-c74a655 elementor-widget elementor-widget-heading\" data-id=\"c74a655\" data-element_type=\"widget\" data-widget_type=\"heading.default\">\n\t\t\t\t<div class=\"elementor-widget-container\">\n\t\t\t\t\t<h2 class=\"elementor-heading-title elementor-size-default\">30 secondi: Il tempo pi\u00f9 rapido per la verifica dell'identit\u00e0 online<\/h2>\t\t\t\t<\/div>\n\t\t\t\t<\/div>\n\t\t\t\t<div class=\"elementor-element elementor-element-426b3bc elementor-widget elementor-widget-text-editor\" data-id=\"426b3bc\" data-element_type=\"widget\" data-widget_type=\"text-editor.default\">\n\t\t\t\t<div class=\"elementor-widget-container\">\n\t\t\t\t\t\t\t\t\t<ul class=\"list\">\n<li>Cattura un selfie del tuo viso<\/li>\n<li>Cattura un&#8217;immagine della carta d&#8217;identit\u00e0<\/li>\n<li>Cattura un&#8217;immagine del documento di indirizzo<\/li>\n<\/ul>\n<p>Gli utenti possono anche caricare l&#8217;immagine del loro volto, del loro documento d&#8217;identit\u00e0 e del loro indirizzo*.<\/p>\n\t\t\t\t\t\t\t\t<\/div>\n\t\t\t\t<\/div>\n\t\t\t\t\t<\/div>\n\t\t\t\t<\/div>\n\t\t<div class=\"elementor-element elementor-element-8e4f291 e-flex e-con-boxed e-con e-child\" data-id=\"8e4f291\" data-element_type=\"container\">\n\t\t\t\t\t<div class=\"e-con-inner\">\n\t\t\t\t<div class=\"elementor-element elementor-element-b0ec68b elementor-widget elementor-widget-image\" data-id=\"b0ec68b\" data-element_type=\"widget\" data-widget_type=\"image.default\">\n\t\t\t\t<div class=\"elementor-widget-container\">\n\t\t\t\t\t\t\t\t\t\t\t\t\t\t\t<img decoding=\"async\" width=\"320\" height=\"431\" src=\"data:image\/svg+xml;charset=utf-8,%3Csvg xmlns%3D&#039;http%3A%2F%2Fwww.w3.org%2F2000%2Fsvg&#039; viewBox%3D&#039;0 0 320 431&#039;%2F%3E\" class=\"attachment-medium_large size-medium_large wp-image-9203 ld-lazyload\" alt=\"\" data-src=\"https:\/\/blumbergtrade.net\/wp-content\/uploads\/2023\/11\/Real-time-Identity-review.png\" data-srcset=\"https:\/\/blumbergtrade.net\/wp-content\/uploads\/2023\/11\/Real-time-Identity-review.png 320w, https:\/\/blumbergtrade.net\/wp-content\/uploads\/2023\/11\/Real-time-Identity-review-223x300.png 223w\" data-sizes=\"(max-width: 320px) 100vw, 320px\" data-aspect=\"0.74245939675174\" \/>\t\t\t\t\t\t\t\t\t\t\t\t\t\t\t<\/div>\n\t\t\t\t<\/div>\n\t\t\t\t\t<\/div>\n\t\t\t\t<\/div>\n\t\t\t\t<\/div>\n\t\t\t\t\t<\/div>\n\t\t\t\t<\/div>\n\t\t\t\t<\/div>\n\t\t","protected":false},"excerpt":{"rendered":"<p>Home IDENTIT\u00c0 IN TEMPO REALE Servizi di verifica Conoscere l&#8217;identit\u00e0 dei tuoi clienti elimina rischi, frodi online e crimini finanziari. Verifica selfie, documenti d&#8217;identit\u00e0 e Mobile 2FA da qualsiasi luogo in soli 30 secondi. 30 secondi: Il tempo pi\u00f9 rapido per la verifica dell&#8217;identit\u00e0 online Cattura un selfie del tuo viso Cattura un&#8217;immagine della carta [&hellip;]<\/p>\n","protected":false},"author":3,"featured_media":0,"parent":0,"menu_order":0,"comment_status":"closed","ping_status":"closed","template":"","meta":{"footnotes":""},"class_list":["post-9836","page","type-page","status-publish","hentry"],"_links":{"self":[{"href":"https:\/\/blumbergtrade.net\/it\/wp-json\/wp\/v2\/pages\/9836","targetHints":{"allow":["GET"]}}],"collection":[{"href":"https:\/\/blumbergtrade.net\/it\/wp-json\/wp\/v2\/pages"}],"about":[{"href":"https:\/\/blumbergtrade.net\/it\/wp-json\/wp\/v2\/types\/page"}],"author":[{"embeddable":true,"href":"https:\/\/blumbergtrade.net\/it\/wp-json\/wp\/v2\/users\/3"}],"replies":[{"embeddable":true,"href":"https:\/\/blumbergtrade.net\/it\/wp-json\/wp\/v2\/comments?post=9836"}],"version-history":[{"count":1,"href":"https:\/\/blumbergtrade.net\/it\/wp-json\/wp\/v2\/pages\/9836\/revisions"}],"predecessor-version":[{"id":9838,"href":"https:\/\/blumbergtrade.net\/it\/wp-json\/wp\/v2\/pages\/9836\/revisions\/9838"}],"wp:attachment":[{"href":"https:\/\/blumbergtrade.net\/it\/wp-json\/wp\/v2\/media?parent=9836"}],"curies":[{"name":"wp","href":"https:\/\/api.w.org\/{rel}","templated":true}]}}